{"id":46,"date":"2025-03-10T00:24:40","date_gmt":"2025-03-10T00:24:40","guid":{"rendered":"https:\/\/espairehabilitaciocorporal.com\/?page_id=46"},"modified":"2026-01-02T18:36:17","modified_gmt":"2026-01-02T17:36:17","slug":"horaris-i-tarifes","status":"publish","type":"page","link":"https:\/\/espairehabilitaciocorporal.com\/es\/horaris-i-tarifes\/","title":{"rendered":"Horarios y tarifas"},"content":{"rendered":"<div data-elementor-type=\"wp-page\" data-elementor-id=\"46\" class=\"elementor elementor-46\" data-elementor-post-type=\"page\">\n\t\t\t\t<div class=\"elementor-element elementor-element-64ee339 e-flex e-con-boxed e-con e-parent\" data-id=\"64ee339\" data-element_type=\"container\" data-settings=\"{&quot;background_background&quot;:&quot;classic&quot;}\">\n\t\t\t\t\t<div class=\"e-con-inner\">\n\t\t<div class=\"elementor-element elementor-element-c87b9a9 e-con-full e-flex e-con e-child\" data-id=\"c87b9a9\" data-element_type=\"container\">\n\t\t<div class=\"elementor-element elementor-element-1aa4956 e-con-full e-flex e-con e-child\" data-id=\"1aa4956\" data-element_type=\"container\">\n\t\t<div class=\"elementor-element elementor-element-28de4df e-con-full e-flex e-con e-child\" data-id=\"28de4df\" data-element_type=\"container\">\n\t\t\t\t<div class=\"elementor-element elementor-element-618ae2a elementor-invisible elementor-widget elementor-widget-heading\" data-id=\"618ae2a\" data-element_type=\"widget\" data-settings=\"{&quot;_animation&quot;:&quot;fadeInUp&quot;}\" data-widget_type=\"heading.default\">\n\t\t\t\t\t<h1 class=\"elementor-heading-title elementor-size-default\">Descubre nuestras tarifas y horarios de atenci\u00f3n\n\n\n<\/h1>\t\t\t\t<\/div>\n\t\t\t\t<\/div>\n\t\t\t\t<\/div>\n\t\t\t\t<div class=\"elementor-element elementor-element-d3495c2 elementor-icon-list--layout-inline elementor-widget__width-auto elementor-list-item-link-full_width elementor-widget elementor-widget-icon-list\" data-id=\"d3495c2\" data-element_type=\"widget\" data-widget_type=\"icon-list.default\">\n\t\t\t\t\t\t\t<ul class=\"elementor-icon-list-items elementor-inline-items\">\n\t\t\t\t\t\t\t<li class=\"elementor-icon-list-item elementor-inline-item\">\n\t\t\t\t\t\t\t\t\t\t\t<a href=\"https:\/\/espairehabilitaciocorporal.com\/es\">\n\n\t\t\t\t\t\t\t\t\t\t\t\t<span class=\"elementor-icon-list-icon\">\n\t\t\t\t\t\t\t<i aria-hidden=\"true\" class=\"el el-home\"><\/i>\t\t\t\t\t\t<\/span>\n\t\t\t\t\t\t\t\t\t\t<span class=\"elementor-icon-list-text\">Inicio<\/span>\n\t\t\t\t\t\t\t\t\t\t\t<\/a>\n\t\t\t\t\t\t\t\t\t<\/li>\n\t\t\t\t\t\t\t\t<li class=\"elementor-icon-list-item elementor-inline-item\">\n\t\t\t\t\t\t\t\t\t\t\t<a href=\"https:\/\/espairehabilitaciocorporal.com\/es\/horaris-i-tarifes\/\">\n\n\t\t\t\t\t\t\t\t\t\t\t\t<span class=\"elementor-icon-list-icon\">\n\t\t\t\t\t\t\t<svg aria-hidden=\"true\" class=\"e-font-icon-svg e-fas-chevron-right\" viewbox=\"0 0 320 512\" xmlns=\"http:\/\/www.w3.org\/2000\/svg\"><path d=\"M285.476 272.971L91.132 467.314c-9.373 9.373-24.569 9.373-33.941 0l-22.667-22.667c-9.357-9.357-9.375-24.522-.04-33.901L188.505 256 34.484 101.255c-9.335-9.379-9.317-24.544.04-33.901l22.667-22.667c9.373-9.373 24.569-9.373 33.941 0L285.475 239.03c9.373 9.372 9.373 24.568.001 33.941z\"><\/path><\/svg>\t\t\t\t\t\t<\/span>\n\t\t\t\t\t\t\t\t\t\t<span class=\"elementor-icon-list-text\">Horarios y tarifas<\/span>\n\t\t\t\t\t\t\t\t\t\t\t<\/a>\n\t\t\t\t\t\t\t\t\t<\/li>\n\t\t\t\t\t\t<\/ul>\n\t\t\t\t\t\t<\/div>\n\t\t\t\t<\/div>\n\t\t\t\t\t<\/div>\n\t\t\t\t<\/div>\n\t\t<div class=\"elementor-element elementor-element-9de6106 e-flex e-con-boxed e-con e-parent\" data-id=\"9de6106\" data-element_type=\"container\">\n\t\t\t\t\t<div class=\"e-con-inner\">\n\t\t<div class=\"elementor-element elementor-element-ad9841e e-con-full e-flex e-con e-child\" data-id=\"ad9841e\" data-element_type=\"container\">\n\t\t<div class=\"elementor-element elementor-element-3defe27 e-con-full e-grid e-con e-child\" data-id=\"3defe27\" data-element_type=\"container\">\n\t\t<div class=\"elementor-element elementor-element-e8c7242 e-con-full e-flex e-con e-child\" data-id=\"e8c7242\" data-element_type=\"container\" data-settings=\"{&quot;background_background&quot;:&quot;classic&quot;}\">\n\t\t\t\t<div class=\"elementor-element elementor-element-72dc6d4 elementor-widget elementor-widget-icon-box\" data-id=\"72dc6d4\" data-element_type=\"widget\" data-widget_type=\"icon-box.default\">\n\t\t\t\t\t\t\t<div class=\"elementor-icon-box-wrapper\">\n\n\t\t\t\n\t\t\t\t\t\t<div class=\"elementor-icon-box-content\">\n\n\t\t\t\t\t\t\t\t\t<div class=\"elementor-icon-box-title\">\n\t\t\t\t\t\t<span  >\n\t\t\t\t\t\t\tPrimera visita\t\t\t\t\t\t<\/span>\n\t\t\t\t\t<\/div>\n\t\t\t\t\n\t\t\t\t\n\t\t\t<\/div>\n\t\t\t\n\t\t<\/div>\n\t\t\t\t\t\t<\/div>\n\t\t\t\t<div class=\"elementor-element elementor-element-2359b97 elementor-widget elementor-widget-heading\" data-id=\"2359b97\" data-element_type=\"widget\" data-widget_type=\"heading.default\">\n\t\t\t\t\t<div class=\"elementor-heading-title elementor-size-default\">50\u20ac<\/div>\t\t\t\t<\/div>\n\t\t\t\t<\/div>\n\t\t<div class=\"elementor-element elementor-element-ae51e66 e-con-full e-flex e-con e-child\" data-id=\"ae51e66\" data-element_type=\"container\" data-settings=\"{&quot;background_background&quot;:&quot;classic&quot;}\">\n\t\t\t\t<div class=\"elementor-element elementor-element-c2827b6 elementor-widget elementor-widget-icon-box\" data-id=\"c2827b6\" data-element_type=\"widget\" data-widget_type=\"icon-box.default\">\n\t\t\t\t\t\t\t<div class=\"elementor-icon-box-wrapper\">\n\n\t\t\t\n\t\t\t\t\t\t<div class=\"elementor-icon-box-content\">\n\n\t\t\t\t\t\t\t\t\t<div class=\"elementor-icon-box-title\">\n\t\t\t\t\t\t<span  >\n\t\t\t\t\t\t\tVisitas sucesivas\t\t\t\t\t\t<\/span>\n\t\t\t\t\t<\/div>\n\t\t\t\t\n\t\t\t\t\n\t\t\t<\/div>\n\t\t\t\n\t\t<\/div>\n\t\t\t\t\t\t<\/div>\n\t\t\t\t<div class=\"elementor-element elementor-element-3acbb6a elementor-widget elementor-widget-heading\" data-id=\"3acbb6a\" data-element_type=\"widget\" data-widget_type=\"heading.default\">\n\t\t\t\t\t<div class=\"elementor-heading-title elementor-size-default\">40\u20ac<\/div>\t\t\t\t<\/div>\n\t\t\t\t<\/div>\n\t\t\t\t<\/div>\n\t\t\t\t<\/div>\n\t\t<div class=\"elementor-element elementor-element-178e074 e-con-full e-flex e-con e-child\" data-id=\"178e074\" data-element_type=\"container\">\n\t\t\t\t<div class=\"elementor-element elementor-element-aa3f42b elementor-invisible elementor-widget elementor-widget-heading\" data-id=\"aa3f42b\" data-element_type=\"widget\" data-settings=\"{&quot;_animation&quot;:&quot;fadeInUp&quot;}\" data-widget_type=\"heading.default\">\n\t\t\t\t\t<h2 class=\"elementor-heading-title elementor-size-default\">Tarifas<\/h2>\t\t\t\t<\/div>\n\t\t\t\t<div class=\"elementor-element elementor-element-5ad4884 elementor-widget__width-initial elementor-widget elementor-widget-text-editor\" data-id=\"5ad4884\" data-element_type=\"widget\" data-widget_type=\"text-editor.default\">\n\t\t\t\t\t\t\t\t\t<p><span style=\"font-weight: 400;\">En nuestra cl\u00ednica ofrecemos una estructura tarifaria clara y accesible para que puedas aprovechar nuestros servicios de calidad sin sorpresas. Nuestras tarifas son las siguientes:<\/span><\/p>\t\t\t\t\t\t\t\t<\/div>\n\t\t\t\t<\/div>\n\t\t\t\t\t<\/div>\n\t\t\t\t<\/div>\n\t\t<div class=\"elementor-element elementor-element-b91bb42 e-flex e-con-boxed e-con e-parent\" data-id=\"b91bb42\" data-element_type=\"container\" data-settings=\"{&quot;background_background&quot;:&quot;classic&quot;}\">\n\t\t\t\t\t<div class=\"e-con-inner\">\n\t\t<div class=\"elementor-element elementor-element-b1368ab e-con-full e-flex elementor-invisible e-con e-child\" data-id=\"b1368ab\" data-element_type=\"container\" data-settings=\"{&quot;background_background&quot;:&quot;gradient&quot;,&quot;animation&quot;:&quot;fadeInUp&quot;}\">\n\t\t\t\t<div class=\"elementor-element elementor-element-ad757b4 elementor-widget__width-initial elementor-widget elementor-widget-heading\" data-id=\"ad757b4\" data-element_type=\"widget\" data-widget_type=\"heading.default\">\n\t\t\t\t\t<h3 class=\"elementor-heading-title elementor-size-default\">Horario de atenci\u00f3n:\n\n\n<\/h3>\t\t\t\t<\/div>\n\t\t\t\t<div class=\"elementor-element elementor-element-06bb2ea elementor-widget__width-initial elementor-invisible elementor-widget elementor-widget-heading\" data-id=\"06bb2ea\" data-element_type=\"widget\" data-settings=\"{&quot;_animation&quot;:&quot;fadeInUp&quot;,&quot;_animation_delay&quot;:200}\" data-widget_type=\"heading.default\">\n\t\t\t\t\t<div class=\"elementor-heading-title elementor-size-default\">Horarios de Atenci\u00f3n: Ofrecemos un horario flexible para adaptarnos a tus necesidades. Nuestros horarios son los siguientes:<\/div>\t\t\t\t<\/div>\n\t\t<div class=\"elementor-element elementor-element-c16fffb e-grid e-con-full e-con e-child\" data-id=\"c16fffb\" data-element_type=\"container\">\n\t\t\t\t<div class=\"elementor-element elementor-element-9efbffe elementor-widget elementor-widget-icon-box\" data-id=\"9efbffe\" data-element_type=\"widget\" data-widget_type=\"icon-box.default\">\n\t\t\t\t\t\t\t<div class=\"elementor-icon-box-wrapper\">\n\n\t\t\t\n\t\t\t\t\t\t<div class=\"elementor-icon-box-content\">\n\n\t\t\t\t\t\t\t\t\t<div class=\"elementor-icon-box-title\">\n\t\t\t\t\t\t<span  >\n\t\t\t\t\t\t\tLunes\t\t\t\t\t\t<\/span>\n\t\t\t\t\t<\/div>\n\t\t\t\t\n\t\t\t\t\t\t\t\t\t<p class=\"elementor-icon-box-description\">\n\t\t\t\t\t\t14:30h - 19:30h\n\t\t\t\t\t<\/p>\n\t\t\t\t\n\t\t\t<\/div>\n\t\t\t\n\t\t<\/div>\n\t\t\t\t\t\t<\/div>\n\t\t\t\t<div class=\"elementor-element elementor-element-88a771a elementor-widget elementor-widget-icon-box\" data-id=\"88a771a\" data-element_type=\"widget\" data-widget_type=\"icon-box.default\">\n\t\t\t\t\t\t\t<div class=\"elementor-icon-box-wrapper\">\n\n\t\t\t\n\t\t\t\t\t\t<div class=\"elementor-icon-box-content\">\n\n\t\t\t\t\t\t\t\t\t<div class=\"elementor-icon-box-title\">\n\t\t\t\t\t\t<span  >\n\t\t\t\t\t\t\tMartes\t\t\t\t\t\t<\/span>\n\t\t\t\t\t<\/div>\n\t\t\t\t\n\t\t\t\t\t\t\t\t\t<p class=\"elementor-icon-box-description\">\n\t\t\t\t\t\t9:30h - 14:30h\n\t\t\t\t\t<\/p>\n\t\t\t\t\n\t\t\t<\/div>\n\t\t\t\n\t\t<\/div>\n\t\t\t\t\t\t<\/div>\n\t\t\t\t<div class=\"elementor-element elementor-element-cc88a9b elementor-widget elementor-widget-icon-box\" data-id=\"cc88a9b\" data-element_type=\"widget\" data-widget_type=\"icon-box.default\">\n\t\t\t\t\t\t\t<div class=\"elementor-icon-box-wrapper\">\n\n\t\t\t\n\t\t\t\t\t\t<div class=\"elementor-icon-box-content\">\n\n\t\t\t\t\t\t\t\t\t<div class=\"elementor-icon-box-title\">\n\t\t\t\t\t\t<span  >\n\t\t\t\t\t\t\tMi\u00e9rcoles\t\t\t\t\t\t<\/span>\n\t\t\t\t\t<\/div>\n\t\t\t\t\n\t\t\t\t\t\t\t\t\t<p class=\"elementor-icon-box-description\">\n\t\t\t\t\t\t14:30h - 19:30h\t\t\t\t\t<\/p>\n\t\t\t\t\n\t\t\t<\/div>\n\t\t\t\n\t\t<\/div>\n\t\t\t\t\t\t<\/div>\n\t\t\t\t<div class=\"elementor-element elementor-element-55de922 elementor-widget elementor-widget-icon-box\" data-id=\"55de922\" data-element_type=\"widget\" data-widget_type=\"icon-box.default\">\n\t\t\t\t\t\t\t<div class=\"elementor-icon-box-wrapper\">\n\n\t\t\t\n\t\t\t\t\t\t<div class=\"elementor-icon-box-content\">\n\n\t\t\t\t\t\t\t\t\t<div class=\"elementor-icon-box-title\">\n\t\t\t\t\t\t<span  >\n\t\t\t\t\t\t\tJueves\t\t\t\t\t\t<\/span>\n\t\t\t\t\t<\/div>\n\t\t\t\t\n\t\t\t\t\t\t\t\t\t<p class=\"elementor-icon-box-description\">\n\t\t\t\t\t\t10:00h - 13:00h | 15:00h - 19:00h\t\t\t\t\t<\/p>\n\t\t\t\t\n\t\t\t<\/div>\n\t\t\t\n\t\t<\/div>\n\t\t\t\t\t\t<\/div>\n\t\t\t\t<div class=\"elementor-element elementor-element-58f62b8 elementor-widget elementor-widget-icon-box\" data-id=\"58f62b8\" data-element_type=\"widget\" data-widget_type=\"icon-box.default\">\n\t\t\t\t\t\t\t<div class=\"elementor-icon-box-wrapper\">\n\n\t\t\t\n\t\t\t\t\t\t<div class=\"elementor-icon-box-content\">\n\n\t\t\t\t\t\t\t\t\t<div class=\"elementor-icon-box-title\">\n\t\t\t\t\t\t<span  >\n\t\t\t\t\t\t\tViernes\t\t\t\t\t\t<\/span>\n\t\t\t\t\t<\/div>\n\t\t\t\t\n\t\t\t\t\t\t\t\t\t<p class=\"elementor-icon-box-description\">\n\t\t\t\t\t\t\u00a09:30h - 14:30h\t\t\t\t\t<\/p>\n\t\t\t\t\n\t\t\t<\/div>\n\t\t\t\n\t\t<\/div>\n\t\t\t\t\t\t<\/div>\n\t\t\t\t<div class=\"elementor-element elementor-element-27a8465 elementor-widget elementor-widget-icon-box\" data-id=\"27a8465\" data-element_type=\"widget\" data-widget_type=\"icon-box.default\">\n\t\t\t\t\t\t\t<div class=\"elementor-icon-box-wrapper\">\n\n\t\t\t\n\t\t\t\t\t\t<div class=\"elementor-icon-box-content\">\n\n\t\t\t\t\t\t\t\t\t<div class=\"elementor-icon-box-title\">\n\t\t\t\t\t\t<span  >\n\t\t\t\t\t\t\tS\u00e1bado y Domingo\t\t\t\t\t\t<\/span>\n\t\t\t\t\t<\/div>\n\t\t\t\t\n\t\t\t\t\t\t\t\t\t<p class=\"elementor-icon-box-description\">\n\t\t\t\t\t\tCerrado\t\t\t\t\t<\/p>\n\t\t\t\t\n\t\t\t<\/div>\n\t\t\t\n\t\t<\/div>\n\t\t\t\t\t\t<\/div>\n\t\t\t\t<\/div>\n\t\t\t\t<\/div>\n\t\t<div class=\"elementor-element elementor-element-dc40e34 e-con-full elementor-hidden-mobile e-flex e-con e-child\" data-id=\"dc40e34\" data-element_type=\"container\">\n\t\t\t\t<\/div>\n\t\t\t\t\t<\/div>\n\t\t\t\t<\/div>\n\t\t<div class=\"elementor-element elementor-element-7b00514 e-con-full e-flex elementor-invisible e-con e-parent\" data-id=\"7b00514\" data-element_type=\"container\" data-settings=\"{&quot;animation&quot;:&quot;fadeIn&quot;,&quot;animation_delay&quot;:200}\">\n\t\t<div class=\"elementor-element elementor-element-cf84e5f e-con-full e-flex e-con e-child\" data-id=\"cf84e5f\" data-element_type=\"container\">\n\t\t\t\t<div class=\"elementor-element elementor-element-a9ebc03 elementor-widget elementor-widget-html\" data-id=\"a9ebc03\" data-element_type=\"widget\" data-widget_type=\"html.default\">\n\t\t\t\t\t<iframe \r\n  src=\"https:\/\/www.google.com\/maps\/embed?pb=!1m18!1m12!1m3!1d2987.531823428462!2d2.1920443!3d41.5144194!2m3!1f0!2f0!3f0!3m2!1i1024!2i768!4f13.1!3m3!1m2!1s0x12a4be8e66c6f503%3A0xabb1ac5d50b19288!2sEspai%20Rehabilitaci%C3%B3%20Corporal!5e0!3m2!1spt-BR!2sbr!4v1744807267695!5m2!1spt-BR!2sbr\" \r\n  width=\"600\" \r\n  height=\"450\" \r\n  style=\"border:0;\" \r\n  allowfullscreen=\"\" \r\n  loading=\"lazy\" \r\n  referrerpolicy=\"no-referrer-when-downgrade\"\r\n  title=\"Mapa de ubicaci\u00f3n de Espacio Rehabilitaci\u00f3n Corporal\">\r\n<\/iframe>\r\n\t\t\t\t<\/div>\n\t\t\t\t<\/div>\n\t\t\t\t<\/div>\n\t\t\t\t<\/div>","protected":false},"excerpt":{"rendered":"<p>Descobreix les nostres tarifes i els horaris d\u2019atenci\u00f3 Inici Primera visita 50\u20ac Visites successives 40\u20ac Tarifes A la nostra cl\u00ednica, oferim una estructura tarif\u00e0ria clara i accessible perqu\u00e8 puguis aprofitar els nostres serveis de qualitat sense sorpreses. Les nostres tarifes s\u00f3n les seg\u00fcents: Horari d&#8217;atenci\u00f3: Horaris d\u2019Atenci\u00f3: Oferim un horari flexible per adaptar-nos a les [&hellip;]<\/p>","protected":false},"author":2,"featured_media":0,"parent":0,"menu_order":0,"comment_status":"closed","ping_status":"closed","template":"","meta":{"footnotes":""},"class_list":["post-46","page","type-page","status-publish","hentry"],"yoast_head":"<!-- This site is optimized with the Yoast SEO plugin v26.4 - https:\/\/yoast.com\/wordpress\/plugins\/seo\/ -->\n<title>Horaris i tarifes - Espai Rehabilitacio Corporal<\/title>\n<meta name=\"robots\" content=\"index, follow, max-snippet:-1, max-image-preview:large, max-video-preview:-1\" \/>\n<link rel=\"canonical\" href=\"https:\/\/espairehabilitaciocorporal.com\/es\/horaris-i-tarifes\/\" \/>\n<meta property=\"og:locale\" content=\"es_ES\" \/>\n<meta property=\"og:type\" content=\"article\" \/>\n<meta property=\"og:title\" content=\"Horaris i tarifes - Espai Rehabilitacio Corporal\" \/>\n<meta property=\"og:description\" content=\"Descobreix les nostres tarifes i els horaris d\u2019atenci\u00f3 Inici Primera visita 50\u20ac Visites successives 40\u20ac Tarifes A la nostra cl\u00ednica, oferim una estructura tarif\u00e0ria clara i accessible perqu\u00e8 puguis aprofitar els nostres serveis de qualitat sense sorpreses. Les nostres tarifes s\u00f3n les seg\u00fcents: Horari d&#8217;atenci\u00f3: Horaris d\u2019Atenci\u00f3: Oferim un horari flexible per adaptar-nos a les [&hellip;]\" \/>\n<meta property=\"og:url\" content=\"https:\/\/espairehabilitaciocorporal.com\/es\/horaris-i-tarifes\/\" \/>\n<meta property=\"og:site_name\" content=\"Espai Rehabilitacio Corporal\" \/>\n<meta property=\"article:modified_time\" content=\"2026-01-02T17:36:17+00:00\" \/>\n<meta name=\"twitter:card\" content=\"summary_large_image\" \/>\n<meta name=\"twitter:label1\" content=\"Tiempo de lectura\" \/>\n\t<meta name=\"twitter:data1\" content=\"1 minuto\" \/>\n<script type=\"application\/ld+json\" class=\"yoast-schema-graph\">{\"@context\":\"https:\/\/schema.org\",\"@graph\":[{\"@type\":\"WebPage\",\"@id\":\"https:\/\/espairehabilitaciocorporal.com\/horaris-i-tarifes\/\",\"url\":\"https:\/\/espairehabilitaciocorporal.com\/horaris-i-tarifes\/\",\"name\":\"Horaris i tarifes - Espai Rehabilitacio Corporal\",\"isPartOf\":{\"@id\":\"https:\/\/espairehabilitaciocorporal.com\/#website\"},\"datePublished\":\"2025-03-10T00:24:40+00:00\",\"dateModified\":\"2026-01-02T17:36:17+00:00\",\"breadcrumb\":{\"@id\":\"https:\/\/espairehabilitaciocorporal.com\/horaris-i-tarifes\/#breadcrumb\"},\"inLanguage\":\"es\",\"potentialAction\":[{\"@type\":\"ReadAction\",\"target\":[\"https:\/\/espairehabilitaciocorporal.com\/horaris-i-tarifes\/\"]}]},{\"@type\":\"BreadcrumbList\",\"@id\":\"https:\/\/espairehabilitaciocorporal.com\/horaris-i-tarifes\/#breadcrumb\",\"itemListElement\":[{\"@type\":\"ListItem\",\"position\":1,\"name\":\"Portada\",\"item\":\"https:\/\/espairehabilitaciocorporal.com\/\"},{\"@type\":\"ListItem\",\"position\":2,\"name\":\"Horaris i tarifes\"}]},{\"@type\":\"WebSite\",\"@id\":\"https:\/\/espairehabilitaciocorporal.com\/#website\",\"url\":\"https:\/\/espairehabilitaciocorporal.com\/\",\"name\":\"Espai Rehabilitacio Corporal\",\"description\":\"Fisioter\u00e0pia i acupuntura especialitzada a La Llagosta\",\"potentialAction\":[{\"@type\":\"SearchAction\",\"target\":{\"@type\":\"EntryPoint\",\"urlTemplate\":\"https:\/\/espairehabilitaciocorporal.com\/?s={search_term_string}\"},\"query-input\":{\"@type\":\"PropertyValueSpecification\",\"valueRequired\":true,\"valueName\":\"search_term_string\"}}],\"inLanguage\":\"es\"}]}<\/script>\n<!-- \/ Yoast SEO plugin. -->","yoast_head_json":{"title":"Horaris i tarifes - Espai Rehabilitacio Corporal","robots":{"index":"index","follow":"follow","max-snippet":"max-snippet:-1","max-image-preview":"max-image-preview:large","max-video-preview":"max-video-preview:-1"},"canonical":"https:\/\/espairehabilitaciocorporal.com\/es\/horaris-i-tarifes\/","og_locale":"es_ES","og_type":"article","og_title":"Horaris i tarifes - Espai Rehabilitacio Corporal","og_description":"Descobreix les nostres tarifes i els horaris d\u2019atenci\u00f3 Inici Primera visita 50\u20ac Visites successives 40\u20ac Tarifes A la nostra cl\u00ednica, oferim una estructura tarif\u00e0ria clara i accessible perqu\u00e8 puguis aprofitar els nostres serveis de qualitat sense sorpreses. Les nostres tarifes s\u00f3n les seg\u00fcents: Horari d&#8217;atenci\u00f3: Horaris d\u2019Atenci\u00f3: Oferim un horari flexible per adaptar-nos a les [&hellip;]","og_url":"https:\/\/espairehabilitaciocorporal.com\/es\/horaris-i-tarifes\/","og_site_name":"Espai Rehabilitacio Corporal","article_modified_time":"2026-01-02T17:36:17+00:00","twitter_card":"summary_large_image","twitter_misc":{"Tiempo de lectura":"1 minuto"},"schema":{"@context":"https:\/\/schema.org","@graph":[{"@type":"WebPage","@id":"https:\/\/espairehabilitaciocorporal.com\/horaris-i-tarifes\/","url":"https:\/\/espairehabilitaciocorporal.com\/horaris-i-tarifes\/","name":"Horaris i tarifes - Espai Rehabilitacio Corporal","isPartOf":{"@id":"https:\/\/espairehabilitaciocorporal.com\/#website"},"datePublished":"2025-03-10T00:24:40+00:00","dateModified":"2026-01-02T17:36:17+00:00","breadcrumb":{"@id":"https:\/\/espairehabilitaciocorporal.com\/horaris-i-tarifes\/#breadcrumb"},"inLanguage":"es","potentialAction":[{"@type":"ReadAction","target":["https:\/\/espairehabilitaciocorporal.com\/horaris-i-tarifes\/"]}]},{"@type":"BreadcrumbList","@id":"https:\/\/espairehabilitaciocorporal.com\/horaris-i-tarifes\/#breadcrumb","itemListElement":[{"@type":"ListItem","position":1,"name":"Portada","item":"https:\/\/espairehabilitaciocorporal.com\/"},{"@type":"ListItem","position":2,"name":"Horaris i tarifes"}]},{"@type":"WebSite","@id":"https:\/\/espairehabilitaciocorporal.com\/#website","url":"https:\/\/espairehabilitaciocorporal.com\/","name":"Espai Rehabilitacio Corporal","description":"Fisioter\u00e0pia i acupuntura especialitzada a La Llagosta","potentialAction":[{"@type":"SearchAction","target":{"@type":"EntryPoint","urlTemplate":"https:\/\/espairehabilitaciocorporal.com\/?s={search_term_string}"},"query-input":{"@type":"PropertyValueSpecification","valueRequired":true,"valueName":"search_term_string"}}],"inLanguage":"es"}]}},"_links":{"self":[{"href":"https:\/\/espairehabilitaciocorporal.com\/es\/wp-json\/wp\/v2\/pages\/46","targetHints":{"allow":["GET"]}}],"collection":[{"href":"https:\/\/espairehabilitaciocorporal.com\/es\/wp-json\/wp\/v2\/pages"}],"about":[{"href":"https:\/\/espairehabilitaciocorporal.com\/es\/wp-json\/wp\/v2\/types\/page"}],"author":[{"embeddable":true,"href":"https:\/\/espairehabilitaciocorporal.com\/es\/wp-json\/wp\/v2\/users\/2"}],"replies":[{"embeddable":true,"href":"https:\/\/espairehabilitaciocorporal.com\/es\/wp-json\/wp\/v2\/comments?post=46"}],"version-history":[{"count":76,"href":"https:\/\/espairehabilitaciocorporal.com\/es\/wp-json\/wp\/v2\/pages\/46\/revisions"}],"predecessor-version":[{"id":2540,"href":"https:\/\/espairehabilitaciocorporal.com\/es\/wp-json\/wp\/v2\/pages\/46\/revisions\/2540"}],"wp:attachment":[{"href":"https:\/\/espairehabilitaciocorporal.com\/es\/wp-json\/wp\/v2\/media?parent=46"}],"curies":[{"name":"wp","href":"https:\/\/api.w.org\/{rel}","templated":true}]}}