{"id":68,"date":"2025-03-10T00:51:40","date_gmt":"2025-03-10T00:51:40","guid":{"rendered":"https:\/\/espairehabilitaciocorporal.com\/?page_id=68"},"modified":"2025-05-23T14:10:45","modified_gmt":"2025-05-23T12:10:45","slug":"avis-legal","status":"publish","type":"page","link":"https:\/\/espairehabilitaciocorporal.com\/es\/avis-legal\/","title":{"rendered":"Aviso Legal"},"content":{"rendered":"<div data-elementor-type=\"wp-page\" data-elementor-id=\"68\" class=\"elementor elementor-68\" data-elementor-post-type=\"page\">\n\t\t\t\t<div class=\"elementor-element elementor-element-231de37 e-flex e-con-boxed e-con e-parent\" data-id=\"231de37\" data-element_type=\"container\">\n\t\t\t\t\t<div class=\"e-con-inner\">\n\t\t\t\t<div class=\"elementor-element elementor-element-2de13c5 elementor-widget elementor-widget-heading\" data-id=\"2de13c5\" data-element_type=\"widget\" data-widget_type=\"heading.default\">\n\t\t\t\t\t<h2 class=\"elementor-heading-title elementor-size-default\">Aviso Legal<\/h2>\t\t\t\t<\/div>\n\t\t\t\t<div class=\"elementor-element elementor-element-6e4a777c elementor-widget elementor-widget-text-editor\" data-id=\"6e4a777c\" data-element_type=\"widget\" data-widget_type=\"text-editor.default\">\n\t\t\t\t\t\t\t\t\t<p>En cumplimiento de lo dispuesto en el art\u00edculo 10 de la Ley 34\/2002, de 11 de julio, de Servicios de la Sociedad de la Informaci\u00f3n y de Comercio Electr\u00f3nico (LSSICE), le informamos sobre los siguientes aspectos legales:<\/p>\n<p><b>Propiedad del sitio web<\/b><\/p>\n<p>Titular: ELENA RUBIO CRIVILLERS<br>DNI: 77123062Z<br>Tel\u00e9fono: 666590521 <br>Contacto: espairehabilitaciocorporal@gmail.com<\/p>\n<p><b>Condiciones generales de uso<\/b><\/p>\n<p><u>Titular<\/u><br>\u201cEspacio Rehabilitaci\u00f3n Corporal\u201d, en calidad de titular y responsable del presente sitio web, pone a disposici\u00f3n de los usuarios este documento con el fin de cumplir con las obligaciones establecidas en la Ley 34\/2002, de 11 de julio, de Servicios de la Sociedad de la Informaci\u00f3n y del Comercio Electr\u00f3nico.<\/p>\n<p><u>Objeto<\/u><br>La p\u00e1gina web de \u201cEspacio Rehabilitaci\u00f3n Corporal\u201d tiene como objetivo proporcionar al p\u00fablico informaci\u00f3n sobre los servicios sanitarios que se ofrecen en el centro.<\/p>\n<p><u>Contenidos<\/u><br>Con el fin de mantener actualizada la informaci\u00f3n publicada en el portal web, los contenidos podr\u00e1n ser modificados, corregidos, eliminados o a\u00f1adidos en cualquier momento. Por tanto, se recomienda comprobar la vigencia y exactitud de la informaci\u00f3n consultando los textos actualizados disponibles en el sitio web.<\/p>\n<p>El titular de este sitio web se reserva la facultad de realizar, en cualquier momento y sin previo aviso, modificaciones y actualizaciones de la informaci\u00f3n contenida en la web, as\u00ed como de la configuraci\u00f3n y presentaci\u00f3n de la misma.<\/p>\n<p><u>Aceptaci\u00f3n<\/u><br>El uso de cualquiera de las funcionalidades del sitio web implica la aceptaci\u00f3n plena y expresa de las condiciones aqu\u00ed expuestas, sin perjuicio de aquellas condiciones particulares que puedan aplicarse a algunos de los servicios espec\u00edficos ofrecidos a trav\u00e9s del sitio web.<\/p>\n<p><b>Acceso a la p\u00e1gina web<br><\/b>Tal y como se ha indicado anteriormente, el acceso a la p\u00e1gina web \u201cEspai Rehabilitaci\u00f3 Corporal\u201d es responsabilidad exclusiva de los usuarios y supone la aceptaci\u00f3n y el conocimiento de las condiciones establecidas en el aviso legal, la pol\u00edtica de cookies y la pol\u00edtica de privacidad.<\/p>\n<p><u>Acceso gratuito<br><\/u>El acceso a la p\u00e1gina web es gratuito para los usuarios, excepto en el coste de la conexi\u00f3n a Internet, que ser\u00e1 el que establezca el Proveedor de Acceso a Internet (ISP) contratado por el usuario.<\/p>\n<p><b>Condiciones generales de uso<br><\/b>La utilizaci\u00f3n de la p\u00e1gina web \u201cEspacio Rehabilitaci\u00f3n Corporal\u201d atribuye la condici\u00f3n de Usuario. El usuario se compromete a hacer un uso adecuado de los contenidos, servicios y actividades que \u201cEspai Rehabilitaci\u00f3 Corporal\u201d pone a su disposici\u00f3n, conforme a lo establecido en este Aviso Legal ya no utilizar la informaci\u00f3n, actividades y servicios de la p\u00e1gina web para desarrollar actividades que sean contrarias a las leyes vigentes.<\/p>\n<p><u>Contenidos<\/u><br>Los contenidos de la p\u00e1gina web \u201cEspacio Rehabilitaci\u00f3n Corporal\u201d son proporcionados tanto por la empresa como por terceros. Espai Rehabilitaci\u00f3 Corporal se compromete a adoptar los medios razonables para garantizar que los contenidos sean siempre exactos y est\u00e9n actualizados. No obstante, no puede garantizarse que toda la informaci\u00f3n est\u00e9 libre de errores, por lo que se recomienda al usuario comprobar la exactitud de los datos proporcionados.<\/p>\n<p><u>Servicios interactivos<br><\/u>En caso de que la p\u00e1gina web \u201cEspacio Rehabilitaci\u00f3n Corporal\u201d ofrezca servicios interactivos que permitan a los usuarios divulgar contenidos (por ejemplo, foros, blogs, comentarios, redes sociales u otros medios), el uso de estos servicios ser\u00e1 conforme a la ley ya este aviso legal.<\/p>\n<p>\u201cEspai Rehabilitaci\u00f3 Corporal\u201d no se hace responsable de la informaci\u00f3n y los contenidos almacenados o divulgados por los usuarios en estos servicios interactivos, tales como, a t\u00edtulo enunciativo pero no limitativo, foros, chats, blogs, comentarios y redes sociales.<\/p>\n<p>Sin embargo, en cumplimiento de lo dispuesto en los art\u00edculos 11 y 16 de la Ley 34\/2002, de Servicios de la Sociedad de la Informaci\u00f3n y Comercio Electr\u00f3nico (LSSICE), \u201cEspacio Rehabilitaci\u00f3n Corporal\u201d colaborar\u00e1 activamente en la retirada o, en su caso, el bloqueo de todos aquellos contenidos que puedan contravenir la legislaci\u00f3n vigente, los derechos de terceros efectivo.<\/p>\n<p><u>Informaci\u00f3n ver\u00eddica<br><\/u>Al comunicarse con \u201cEspacio Rehabilitaci\u00f3n Corporal\u201d, el usuario se compromete a proporcionar informaci\u00f3n ver\u00eddica y exacta, garantizando en todo momento la autenticidad de los datos facilitados. Ser\u00e1 responsabilidad del usuario mantener toda la informaci\u00f3n actualizada, notificando cualquier cambio que pueda afectar al uso de los servicios.<\/p>\n<p><u>Usuarios menores de edad<br><\/u>Los usuarios menores de edad tendr\u00e1n que obtener el consentimiento previo y expreso de sus padres, tutores o representantes legales para el uso de los servicios ofrecidos por \u201cEspacio Rehabilitaci\u00f3n Corporal\u201d. La responsabilidad de determinar los contenidos a los que accede un menor recae sobre los padres, tutores o representantes legales. Para evitar el acceso a contenido inapropiado, se recomienda el uso de programas o filtros que limiten el acceso a ciertos contenidos en Internet.<\/p>\n<p><u>Uso correcto de la p\u00e1gina web<br><\/u>El usuario se compromete a hacer un uso adecuado de la web y de las herramientas que se le proporcionan, conforme a la ley, a este Aviso Legal, ya las instrucciones y avisos que puedan ser comunicados por Espai Rehabilitaci\u00f3 Corporal. El usuario se compromete a utilizar la p\u00e1gina web y sus contenidos \u00fanicamente para fines l\u00edcitos, que no infrinjan la legalidad vigente ni los derechos leg\u00edtimos \u201cEspacio Rehabilitaci\u00f3n Corporal\u201d. Adem\u00e1s, el usuario se compromete a no realizar acciones que puedan causar da\u00f1o o perjuicio, directo o indirecto, en la web o sus usuarios.<\/p>\n<p><b>Propiedad intelectual, industrial<br><\/b>Todos los elementos que conforman el sitio web, as\u00ed como su estructura, dise\u00f1o, fotograf\u00edas, iconos, gr\u00e1ficos, im\u00e1genes, c\u00f3digo fuente, logotipos, marcas y otros signos distintivos que aparecen en el mismo, son propiedad intelectual de \u201cEspai Rehabilitaci\u00f3 Corporal\u201d o de terceros, salvo que se indique lo contrario. Estos elementos est\u00e1n protegidos por los correspondientes derechos de propiedad intelectual e industrial.<\/p>\n<p>El usuario se compromete a no utilizar la marca gr\u00e1fica ni ning\u00fan otro signo distintivo de Espai Rehabilitaci\u00f3 Corporal en su propia p\u00e1gina web, salvo en los casos expresamente autorizados por Espai Rehabilitaci\u00f3 Corporal. Cualquier autorizaci\u00f3n deber\u00e1 ser solicitada por escrito a \u201cEspacio Rehabilitaci\u00f3n Corporal\u201d.<\/p>\n<p>Por tanto, el usuario que acceda al sitio web deber\u00e1 respetar en todo momento los derechos de propiedad intelectual e industrial de \u201cEspacio Rehabilitaci\u00f3n Corporal\u201d y de terceros.<\/p>\n<p>La reproducci\u00f3n total o parcial, el uso, distribuci\u00f3n y comunicaci\u00f3n p\u00fablica de cualquier elemento protegido en el sitio web requiere la autorizaci\u00f3n previa y por escrito de \u201cEspai Rehabilitaci\u00f3 Corporal\u201d. Cualquier uso no autorizado ser\u00e1 considerado un grave incumplimiento de los derechos de propiedad intelectual o industrial.<\/p>\n<p>Asimismo, las im\u00e1genes y otros elementos gr\u00e1ficos contenidos en el sitio web est\u00e1n igualmente protegidos por los derechos correspondientes de propiedad intelectual e industrial. El uso, reproducci\u00f3n, distribuci\u00f3n, comunicaci\u00f3n p\u00fablica, transformaci\u00f3n o cualquier otra actividad similar o an\u00e1loga est\u00e1 totalmente prohibido, salvo que medie la autorizaci\u00f3n expresa del titular.<\/p>\n<p>Por lo que respecta a las menciones de productos y\/o servicios de terceros, el titular del sitio web reconoce a favor de los propietarios los correspondientes derechos de propiedad industrial e intelectual. La simple menci\u00f3n o aparici\u00f3n de estos productos y\/o servicios en el sitio web no implica la existencia de derechos sobre los mismos, ni patrocinio ni recomendaci\u00f3n por parte de \u201cEspai Rehabilitaci\u00f3 Corporal\u201d.<\/p>\n<p><u>Enlaces de terceros a la p\u00e1gina de \u201cEspacio Rehabilitaci\u00f3n Corporal\u201d<br><\/u>Si un usuario desea insertar un enlace desde su p\u00e1gina web hacia el sitio web de \u201cEspacio Rehabilitaci\u00f3n Corporal\u201d, deber\u00e1 obtener la autorizaci\u00f3n previa y por escrito de \u201cEspacio Rehabilitaci\u00f3n Corporal\u201d.<\/p>\n<p>El titular del sitio web respeta los derechos de propiedad intelectual e industrial de terceros. Por eso, si considera que en nuestro sitio web se est\u00e1n vulnerando sus derechos, rogamos que se ponga en contacto con el titular de la p\u00e1gina web a trav\u00e9s del siguiente correo electr\u00f3nico: espairehabilitaciocorporal@gmail.com<\/p>\n<p><b>Exclusi\u00f3n de garant\u00edas y responsabilidad<br><\/b>El usuario ser\u00e1 responsable de los da\u00f1os y perjuicios de toda naturaleza que \u201cEspacio Rehabilitaci\u00f3n Corporal\u201d pueda sufrir como consecuencia del incumplimiento de cualquiera de las obligaciones a las que est\u00e1 sometido de acuerdo con lo establecido en este Aviso Legal.<\/p>\n<p><b>Protecci\u00f3n de datos<br><\/b>En aquellos casos en que se recojan, traten o almacenen datos personales, \u00e9stos se gestionar\u00e1n de acuerdo con nuestra Pol\u00edtica de Privacidad, la cual est\u00e1 disponible al pie de p\u00e1gina de este sitio web para su consulta.<\/p>\n<p><b>Pol\u00edtica de cookies<br><\/b>El uso de cookies en esta p\u00e1gina web se regula mediante nuestra Pol\u00edtica de Cookies, que se encuentra detallada y disponible para su consulta al pie de p\u00e1gina de este sitio web.<\/p>\n<p><b>Acceso a la p\u00e1gina web<br><\/b>\u201cEspai Rehabilitaci\u00f3 Corporal\u201d no se hace responsable de los da\u00f1os o perjuicios de cualquier tipo que pueda sufrir el usuario debido a fallos en las redes de telecomunicaciones que puedan ocasionar la suspensi\u00f3n, cancelaci\u00f3n o interrupci\u00f3n del servicio de la p\u00e1gina web, tanto durante su prestaci\u00f3n como con car\u00e1cter previo.<\/p>\n<p><b>Calidad del servicio y de los contenidos<br><\/b>El titular del sitio web no garantiza la ausencia de errores en el acceso a la web ni en su contenido, ni que \u00e9stos est\u00e9n actualizados. Sin embargo, se compromete a realizar los mejores esfuerzos para evitar, corregir o actualizar cualquier error en su caso. En caso de que el usuario detecte alg\u00fan contenido que considere incorrecto o susceptible de mejora, le rogamos que se ponga en contacto con el titular del sitio web.<\/p>\n<p>El acceso al sitio web y el uso de la informaci\u00f3n contenida en \u00e9l son responsabilidad exclusiva de quien lo realice.<\/p>\n<p>Disponibilidad y funcionamiento<br>Espai Rehabilitaci\u00f3 Corporal intentar\u00e1 garantizar el correcto funcionamiento del sitio web las 24 horas del d\u00eda, los 365 d\u00edas del a\u00f1o. No obstante, no puede descartarse la posibilidad de que surjan causas de fuerza mayor, cat\u00e1strofes naturales, huelgas u otras circunstancias que puedan hacer imposible el acceso al sitio web. En consecuencia, \u201cEspai Rehabilitaci\u00f3 Corporal\u201d no se hace responsable de los da\u00f1os y perjuicios de cualquier naturaleza que pudieran derivarse de la falta de disponibilidad, mantenimiento o funcionamiento efectivo de la web, de sus servicios o de los contenidos.<\/p>\n<p>Seguridad de los contenidos<br>Asimismo, \u201cEspai Rehabilitaci\u00f3 Corporal\u201d no se responsabiliza de la existencia de virus, programas maliciosos o lesivos en los contenidos, ni del uso ilegal, negligente o fraudulento que se haga del sitio web o de los servicios Tampoco es responsable de la falta de legalidad, calidad, fiabilidad, utilidad o disponibilidad de los servicios prestados por terceros.<\/p>\n<p>Interrupci\u00f3n del servicio<br>Espai Rehabilitaci\u00f3 Corporal se reserva el derecho de interrumpir el acceso a su sitio web en cualquier momento y sin previo aviso, ya sea por motivos de seguridad, control, mantenimiento, errores de suministro el\u00e9ctrico o cualquier otra causa. En consecuencia, \u201cEspai Rehabilitaci\u00f3 Corporal\u201d no se hace responsable de las consecuencias de posibles interrupciones, ya que no puede garantizar la fiabilidad, disponibilidad ni continuidad de su sitio web.<\/p>\n<p>Colaboraci\u00f3n con autoridades<br>En cumplimiento de lo dispuesto en la Ley 34\/2002, de Servicios de la Sociedad de la Informaci\u00f3n y del Comercio Electr\u00f3nico, el titular del sitio web se pone a disposici\u00f3n de los usuarios, autoridades y fuerzas de seguridad, colaborando de forma activa en la retirada o bloqueo de contenidos que puedan contravenir la legislaci\u00f3n nacional o internacional, los derechos de terceros o la moral y el orden p\u00fablico.<\/p>\n<p><u>Enlaces de terceros<br><\/u>Los enlaces contenidos en nuestro sitio web pueden dirigirse a contenidos de terceros. En este sentido, \u201cEspai Rehabilitaci\u00f3 Corporal\u201d act\u00faa como prestador de servicios de intermediaci\u00f3n de acuerdo con el art\u00edculo 17 de la Ley 34\/2002 y s\u00f3lo ser\u00e1 responsable de los contenidos y servicios suministrados en las p\u00e1ginas web de terceros en la medida en que tenga conocimiento efectivo de su ilicitud y no act\u00fae con diligencia para suprimir o inutilizar.<\/p>\n<p>Los enlaces tienen como \u00fanico objetivo facilitar la b\u00fasqueda de recursos que puedan resultar de inter\u00e9s para el usuario. No obstante, \u201cEspai Rehabilitaci\u00f3 Corporal\u201d no asume ninguna responsabilidad sobre los contenidos, informaciones o servicios que puedan aparecer en estas p\u00e1ginas web, al no realizar una revisi\u00f3n exhaustiva de su contenido. En caso de que el usuario considere que un enlace conduce a contenido ilegal, podr\u00e1 comunicarlo a espairehabilitaciocorporal@gmail.com, sin que esta comunicaci\u00f3n implique una obligaci\u00f3n de retirar el enlace.<\/p>\n<p>El titular del sitio web no se hace responsable del funcionamiento de las p\u00e1ginas enlazadas ni de los posibles da\u00f1os derivados del acceso o uso de estas p\u00e1ginas.<\/p>\n<p>El establecimiento de un enlace hacia otra p\u00e1gina web no supone, en ning\u00fan caso, un acuerdo, contrato, patrocinio ni recomendaci\u00f3n por parte de Espai Rehabilitaci\u00f3 Corporal.<\/p>\n<p>\u201cEspacio Rehabilitaci\u00f3n Corporal\u201d no se responsabiliza ni garantiza la claridad, exactitud, fiabilidad, correcci\u00f3n o moralidad de los contenidos o servicios que las p\u00e1ginas enlazadas puedan ofrecer. El usuario asume bajo su exclusiva responsabilidad las consecuencias, da\u00f1os o acciones que pudieran derivarse del acceso a estas p\u00e1ginas.<\/p>\n<p><b>Ley Aplicable y jurisdicci\u00f3n<br><\/b>La ley aplicable en caso de disputa o conflicto relacionado con la interpretaci\u00f3n de los t\u00e9rminos de este Aviso Legal, as\u00ed como cualquier otra cuesti\u00f3n relacionada con los servicios ofrecidos a trav\u00e9s de la p\u00e1gina web de Espai Rehabilitaci\u00f3 Corporal, ser\u00e1 la ley espa\u00f1ola.<\/p>\n<p>Para la resoluci\u00f3n de cualquier conflicto derivado del acceso o uso de la p\u00e1gina web, el usuario y Espacio Rehabilitaci\u00f3n Corporal, en la medida en que la normativa lo permita, acuerdan someterse a la jurisdicci\u00f3n exclusiva de los Juzgados y Tribunales de la ciudad de Barcelona, con renuncia expresa a cualquier otro fuero que pudiera corresponderles, ya sea por raz\u00f3n.<\/p>\t\t\t\t\t\t\t\t<\/div>\n\t\t\t\t\t<\/div>\n\t\t\t\t<\/div>\n\t\t\t\t<\/div>","protected":false},"excerpt":{"rendered":"<p>En compliment del disposat a l&#8217;article 10 de la Llei 34\/2002, de 11 de juliol, de Serveis de la Societat de la Informaci\u00f3 i de Comer\u00e7 Electr\u00f2nic (LSSICE), l&#8217;informem sobre els seg\u00fcents aspectes legals: Propietat del lloc web Titular: ELENA RUBIO CRIVILLERSDNI: 77123062ZTel\u00e8fon: 666590521 Contacte: espairehabilitaciocorporal@gmail.com Condicions generals d\u2019\u00fas Titular\u201cEspai Rehabilitaci\u00f3 Corporal\u201d, en qualitat de [&hellip;]<\/p>","protected":false},"author":2,"featured_media":0,"parent":0,"menu_order":0,"comment_status":"closed","ping_status":"closed","template":"","meta":{"footnotes":""},"class_list":["post-68","page","type-page","status-publish","hentry"],"yoast_head":"<!-- This site is optimized with the Yoast SEO plugin v26.4 - https:\/\/yoast.com\/wordpress\/plugins\/seo\/ -->\n<title>Av\u00eds Legal - Espai Rehabilitacio Corporal<\/title>\n<meta name=\"robots\" content=\"index, follow, max-snippet:-1, max-image-preview:large, max-video-preview:-1\" \/>\n<link rel=\"canonical\" href=\"https:\/\/espairehabilitaciocorporal.com\/es\/avis-legal\/\" \/>\n<meta property=\"og:locale\" content=\"es_ES\" \/>\n<meta property=\"og:type\" content=\"article\" \/>\n<meta property=\"og:title\" content=\"Av\u00eds Legal - Espai Rehabilitacio Corporal\" \/>\n<meta property=\"og:description\" content=\"En compliment del disposat a l&#8217;article 10 de la Llei 34\/2002, de 11 de juliol, de Serveis de la Societat de la Informaci\u00f3 i de Comer\u00e7 Electr\u00f2nic (LSSICE), l&#8217;informem sobre els seg\u00fcents aspectes legals: Propietat del lloc web Titular: ELENA RUBIO CRIVILLERSDNI: 77123062ZTel\u00e8fon: 666590521 Contacte: espairehabilitaciocorporal@gmail.com Condicions generals d\u2019\u00fas Titular\u201cEspai Rehabilitaci\u00f3 Corporal\u201d, en qualitat de [&hellip;]\" \/>\n<meta property=\"og:url\" content=\"https:\/\/espairehabilitaciocorporal.com\/es\/avis-legal\/\" \/>\n<meta property=\"og:site_name\" content=\"Espai Rehabilitacio Corporal\" \/>\n<meta property=\"article:modified_time\" content=\"2025-05-23T12:10:45+00:00\" \/>\n<meta name=\"twitter:card\" content=\"summary_large_image\" \/>\n<meta name=\"twitter:label1\" content=\"Tiempo de lectura\" \/>\n\t<meta name=\"twitter:data1\" content=\"10 minutos\" \/>\n<script type=\"application\/ld+json\" class=\"yoast-schema-graph\">{\"@context\":\"https:\/\/schema.org\",\"@graph\":[{\"@type\":\"WebPage\",\"@id\":\"https:\/\/espairehabilitaciocorporal.com\/avis-legal\/\",\"url\":\"https:\/\/espairehabilitaciocorporal.com\/avis-legal\/\",\"name\":\"Av\u00eds Legal - Espai Rehabilitacio Corporal\",\"isPartOf\":{\"@id\":\"https:\/\/espairehabilitaciocorporal.com\/#website\"},\"datePublished\":\"2025-03-10T00:51:40+00:00\",\"dateModified\":\"2025-05-23T12:10:45+00:00\",\"breadcrumb\":{\"@id\":\"https:\/\/espairehabilitaciocorporal.com\/avis-legal\/#breadcrumb\"},\"inLanguage\":\"es\",\"potentialAction\":[{\"@type\":\"ReadAction\",\"target\":[\"https:\/\/espairehabilitaciocorporal.com\/avis-legal\/\"]}]},{\"@type\":\"BreadcrumbList\",\"@id\":\"https:\/\/espairehabilitaciocorporal.com\/avis-legal\/#breadcrumb\",\"itemListElement\":[{\"@type\":\"ListItem\",\"position\":1,\"name\":\"Portada\",\"item\":\"https:\/\/espairehabilitaciocorporal.com\/\"},{\"@type\":\"ListItem\",\"position\":2,\"name\":\"Av\u00eds Legal\"}]},{\"@type\":\"WebSite\",\"@id\":\"https:\/\/espairehabilitaciocorporal.com\/#website\",\"url\":\"https:\/\/espairehabilitaciocorporal.com\/\",\"name\":\"Espai Rehabilitacio Corporal\",\"description\":\"Fisioter\u00e0pia i acupuntura especialitzada a La Llagosta\",\"potentialAction\":[{\"@type\":\"SearchAction\",\"target\":{\"@type\":\"EntryPoint\",\"urlTemplate\":\"https:\/\/espairehabilitaciocorporal.com\/?s={search_term_string}\"},\"query-input\":{\"@type\":\"PropertyValueSpecification\",\"valueRequired\":true,\"valueName\":\"search_term_string\"}}],\"inLanguage\":\"es\"}]}<\/script>\n<!-- \/ Yoast SEO plugin. -->","yoast_head_json":{"title":"Av\u00eds Legal - Espai Rehabilitacio Corporal","robots":{"index":"index","follow":"follow","max-snippet":"max-snippet:-1","max-image-preview":"max-image-preview:large","max-video-preview":"max-video-preview:-1"},"canonical":"https:\/\/espairehabilitaciocorporal.com\/es\/avis-legal\/","og_locale":"es_ES","og_type":"article","og_title":"Av\u00eds Legal - Espai Rehabilitacio Corporal","og_description":"En compliment del disposat a l&#8217;article 10 de la Llei 34\/2002, de 11 de juliol, de Serveis de la Societat de la Informaci\u00f3 i de Comer\u00e7 Electr\u00f2nic (LSSICE), l&#8217;informem sobre els seg\u00fcents aspectes legals: Propietat del lloc web Titular: ELENA RUBIO CRIVILLERSDNI: 77123062ZTel\u00e8fon: 666590521 Contacte: espairehabilitaciocorporal@gmail.com Condicions generals d\u2019\u00fas Titular\u201cEspai Rehabilitaci\u00f3 Corporal\u201d, en qualitat de [&hellip;]","og_url":"https:\/\/espairehabilitaciocorporal.com\/es\/avis-legal\/","og_site_name":"Espai Rehabilitacio Corporal","article_modified_time":"2025-05-23T12:10:45+00:00","twitter_card":"summary_large_image","twitter_misc":{"Tiempo de lectura":"10 minutos"},"schema":{"@context":"https:\/\/schema.org","@graph":[{"@type":"WebPage","@id":"https:\/\/espairehabilitaciocorporal.com\/avis-legal\/","url":"https:\/\/espairehabilitaciocorporal.com\/avis-legal\/","name":"Av\u00eds Legal - Espai Rehabilitacio Corporal","isPartOf":{"@id":"https:\/\/espairehabilitaciocorporal.com\/#website"},"datePublished":"2025-03-10T00:51:40+00:00","dateModified":"2025-05-23T12:10:45+00:00","breadcrumb":{"@id":"https:\/\/espairehabilitaciocorporal.com\/avis-legal\/#breadcrumb"},"inLanguage":"es","potentialAction":[{"@type":"ReadAction","target":["https:\/\/espairehabilitaciocorporal.com\/avis-legal\/"]}]},{"@type":"BreadcrumbList","@id":"https:\/\/espairehabilitaciocorporal.com\/avis-legal\/#breadcrumb","itemListElement":[{"@type":"ListItem","position":1,"name":"Portada","item":"https:\/\/espairehabilitaciocorporal.com\/"},{"@type":"ListItem","position":2,"name":"Av\u00eds Legal"}]},{"@type":"WebSite","@id":"https:\/\/espairehabilitaciocorporal.com\/#website","url":"https:\/\/espairehabilitaciocorporal.com\/","name":"Espai Rehabilitacio Corporal","description":"Fisioter\u00e0pia i acupuntura especialitzada a La Llagosta","potentialAction":[{"@type":"SearchAction","target":{"@type":"EntryPoint","urlTemplate":"https:\/\/espairehabilitaciocorporal.com\/?s={search_term_string}"},"query-input":{"@type":"PropertyValueSpecification","valueRequired":true,"valueName":"search_term_string"}}],"inLanguage":"es"}]}},"_links":{"self":[{"href":"https:\/\/espairehabilitaciocorporal.com\/es\/wp-json\/wp\/v2\/pages\/68","targetHints":{"allow":["GET"]}}],"collection":[{"href":"https:\/\/espairehabilitaciocorporal.com\/es\/wp-json\/wp\/v2\/pages"}],"about":[{"href":"https:\/\/espairehabilitaciocorporal.com\/es\/wp-json\/wp\/v2\/types\/page"}],"author":[{"embeddable":true,"href":"https:\/\/espairehabilitaciocorporal.com\/es\/wp-json\/wp\/v2\/users\/2"}],"replies":[{"embeddable":true,"href":"https:\/\/espairehabilitaciocorporal.com\/es\/wp-json\/wp\/v2\/comments?post=68"}],"version-history":[{"count":20,"href":"https:\/\/espairehabilitaciocorporal.com\/es\/wp-json\/wp\/v2\/pages\/68\/revisions"}],"predecessor-version":[{"id":2301,"href":"https:\/\/espairehabilitaciocorporal.com\/es\/wp-json\/wp\/v2\/pages\/68\/revisions\/2301"}],"wp:attachment":[{"href":"https:\/\/espairehabilitaciocorporal.com\/es\/wp-json\/wp\/v2\/media?parent=68"}],"curies":[{"name":"wp","href":"https:\/\/api.w.org\/{rel}","templated":true}]}}