{"id":69,"date":"2025-03-10T00:52:17","date_gmt":"2025-03-10T00:52:17","guid":{"rendered":"https:\/\/espairehabilitaciocorporal.com\/?page_id=69"},"modified":"2025-05-23T18:14:14","modified_gmt":"2025-05-23T16:14:14","slug":"politica-de-privacitat","status":"publish","type":"page","link":"https:\/\/espairehabilitaciocorporal.com\/es\/politica-de-privacitat\/","title":{"rendered":"Pol\u00edtica de Privacidad"},"content":{"rendered":"<div data-elementor-type=\"wp-page\" data-elementor-id=\"69\" class=\"elementor elementor-69\" data-elementor-post-type=\"page\">\n\t\t\t\t<div class=\"elementor-element elementor-element-716416f1 e-flex e-con-boxed e-con e-parent\" data-id=\"716416f1\" data-element_type=\"container\">\n\t\t\t\t\t<div class=\"e-con-inner\">\n\t\t\t\t<div class=\"elementor-element elementor-element-e897073 elementor-widget elementor-widget-heading\" data-id=\"e897073\" data-element_type=\"widget\" data-widget_type=\"heading.default\">\n\t\t\t\t\t<h2 class=\"elementor-heading-title elementor-size-default\">Pol\u00edtica de Privacidad<\/h2>\t\t\t\t<\/div>\n\t\t\t\t<div class=\"elementor-element elementor-element-8d9bc9e elementor-widget elementor-widget-html\" data-id=\"8d9bc9e\" data-element_type=\"widget\" data-widget_type=\"html.default\">\n\t\t\t\t\t<!DOCTYPE html>\r\n<html lang=\"ca\">\r\n<head>\r\n  <meta charset=\"UTF-8\">\r\n  <title>Pol\u00edtica de Privacitat<\/title>\r\n<\/head>\r\n<body>\r\n<h2>Informaci\u00f3n b\u00e1sica sobre Protecci\u00f3n de Datos<\/h2>\r\n  <table border=\"1\" cellpadding=\"5\">\r\n    <tr>\r\n      <td><strong>Responsable<\/strong><\/td>\r\n      <td>ELENA RUBIO CRIVILLERS<br>DNI: 77123062Z<br>C\/ de la Florida, num. 27, 08120, La Llagosta<br>Telf: 666590521<br>espairehabilitaciocorporal@gmail.com<\/td>\r\n    <\/tr>\r\n    <tr>\r\n      <td><strong>Finalidad<\/strong><\/td>\r\n      <td><strong>Consultas, reservas de cita y solicitudes de informaci\u00f3n de terceros:<\/strong> Gestionar y responder a las consultas y solicitudes de informaci\u00f3n realizadas a trav\u00e9s de los medios de contacto disponibles en la p\u00e1gina web.<\/td>\r\n    <\/tr>\r\n    <tr>\r\n      <td><strong>Legitimaci\u00f3n<\/strong><\/td>\r\n      <td><strong>Consultas, reservas de cita y solicitudes de informaci\u00f3n de terceros:<\/strong> Inter\u00e9s leg\u00edtimo por gestionar y responder las consultas y solicitudes planteadas por el interesado por correo electr\u00f3nico. Consentimiento expl\u00edcito por consultas hechas v\u00eda el formulario de contacto.<\/td>\r\n    <\/tr>\r\n    <tr>\r\n      <td><strong>Conservaci\u00f3n<\/strong><\/td>\r\n      <td>Los datos personales ser\u00e1n conservados mientras sean necesarios para cumplir con la finalidad para la que fueron recogidos. Conseguida esta finalidad, los datos ser\u00e1n bloqueados y quedar\u00e1n disponibles \u00fanicamente para atender posibles responsabilidades legales, administrativas o judiciales durante los plazos de prescripci\u00f3n aplicables. Despu\u00e9s de este per\u00edodo, los datos ser\u00e1n eliminados de forma segura. En la segunda capa informativa se detallan los plazos espec\u00edficos de conservaci\u00f3n aplicables en cada categor\u00eda de datos.<\/td>\r\n    <\/tr>\r\n    <tr>\r\n      <td><strong>Procedencia<\/strong><\/td>\r\n      <td><strong>Consultas, reservas de cita y solicitudes de informaci\u00f3n de terceros:<\/strong> Los datos son proporcionados por el propio interesado o su representante legal mediante los medios de contacto habilitados.<\/td>\r\n    <\/tr>\r\n    <tr>\r\n      <td><strong>Destinatarios<\/strong><\/td>\r\n      <td>Los datos personales ser\u00e1n tratados exclusivamente por \u201cEspacio Rehabilitaci\u00f3n Corporal\u201d. Adem\u00e1s, podr\u00e1n ser compartidas con proveedores de servicios que act\u00faen como encargados del tratamiento, quienes nos asisten en la prestaci\u00f3n de servicios necesarios para el cumplimiento de los fines. Estos encargados han formalizado el correspondiente contrato de encargo del tratamiento en cumplimiento del art\u00edculo 28 del RGPD, garantizando medidas adecuadas de protecci\u00f3n y confidencialidad.<\/td>\r\n    <\/tr>\r\n    <tr>\r\n      <td><strong>Transferencias internacionales<\/strong><\/td>\r\n      <td>No se realizan transferencias internacionales.<\/td>\r\n    <\/tr>\r\n    <tr>\r\n      <td><strong>Derechos<\/strong><\/td>\r\n      <td>Acceso, rectificaci\u00f3n, oposici\u00f3n, supresi\u00f3n, limitaci\u00f3n del tratamiento y portabilidad de los datos personales, como se explica en el apartado correspondiente.<\/td>\r\n    <\/tr>\r\n    <tr>\r\n      <td><strong>Informaci\u00f3n adicional<\/strong><\/td>\r\n      <td>Puede consultar la informaci\u00f3n adicional y detallada sobre Protecci\u00f3n de Datos en el desglose de apartados que le presentamos a continuaci\u00f3n (segunda capa informativa).<\/td>\r\n    <\/tr>\r\n  <\/table>\r\n\r\n\r\n  \r\n\r\n  \r\n\r\n\r\n\r\n<\/body>\r\n<\/html>\r\n\t\t\t\t<\/div>\n\t\t\t\t<div class=\"elementor-element elementor-element-cd7306f elementor-widget elementor-widget-text-editor\" data-id=\"cd7306f\" data-element_type=\"widget\" data-widget_type=\"text-editor.default\">\n\t\t\t\t\t\t\t\t\t<p><strong>Informaci\u00f3n general<\/strong><br \/>La presente Pol\u00edtica de Privacidad tiene como finalidad dar a conocer las condiciones que rigen la recogida y el tratamiento de sus datos personales por parte de nuestra entidad para velar por los derechos fundamentales, su honor y libertades, todo ello en cumplimiento de las normativas vigentes que regulan la Protecci\u00f3n de Datos personales: el Reglamento 2016\/679, del Parlamento Europeo2 y personas f\u00edsicas en lo que se refiere al tratamiento de datos personales ya la circulaci\u00f3n de estos datos, (en adelante RGPD);<\/p>\n<p>Conforme a estas normativas, necesitamos disponer de su autorizaci\u00f3n y consentimiento para la recogida y tratamiento de sus datos personales, por lo que a continuaci\u00f3n, le indicamos todos los detalles de inter\u00e9s respecto a c\u00f3mo realizamos estos procesos, con qu\u00e9 finalidades, qu\u00e9 otras entidades podr\u00edan tener acceso a sus datos y cu\u00e1les son sus derechos.<\/p>\n<p><b>Responsable. \u00bfQui\u00e9n es el Responsable del tratamiento de sus datos?<br \/><\/b>El Responsable del Tratamiento de Datos es aquella persona f\u00edsica o jur\u00eddica, de naturaleza p\u00fablica o privada, u \u00f3rgano administrativo, que solo o conjuntamente con otros determine las finalidades y medios del tratamiento de datos personales.<\/p>\n<p>Os informamos que ELENA RUBIO CRIVILLERS (en adelante \u201cEspacio Rehabilitaci\u00f3n Corporal\u201d) es la titular de la web espairehabilitaciocorporal.com, con DNI: 77123062Z y direcci\u00f3n en C\/ de la Florida, num. 27, 08120, La Langosta. Puede contactar por correo electr\u00f3nico a espairehabilitaciocorporal@gmail.com o bien telef\u00f3nicamente al 666590521.<\/p>\n<p>Los datos personales que se recojan ser\u00e1n \u00fanicamente aquellos estrictamente necesarios para identificar y gestionar la solicitud planteada por el interesado. Estos datos ser\u00e1n tratados de forma leal, l\u00edcita y transparente, y siempre en relaci\u00f3n con las finalidades establecidas.<\/p>\n<p>Los datos se recoger\u00e1n \u00fanicamente para fines espec\u00edficos, expl\u00edcitos y leg\u00edtimos, y no ser\u00e1n tratados posteriormente de forma incompatible con estos fines. Adem\u00e1s, se garantizar\u00e1 que sean adecuadas, pertinentes y limitadas a lo necesario en funci\u00f3n de las finalidades aplicables, y ser\u00e1n actualizadas cuando sea necesario.<\/p>\n<p>Antes de la recogida de los datos, el interesado ser\u00e1 informado de los aspectos esenciales establecidos en esta pol\u00edtica, para que pueda otorgar un consentimiento claro, informado y espec\u00edfico, si \u00e9ste fuera necesario.<\/p>\n<p><b>Finalidad. \u00bfCon qu\u00e9 finalidad tratamos sus datos personales?<br \/><\/b>La informaci\u00f3n personal que nos facilite a trav\u00e9s de correos electr\u00f3nicos ser\u00e1 tratada de forma confidencial y con las m\u00e1ximas garant\u00edas de protecci\u00f3n. En ning\u00fan caso ser\u00e1 utilizada para finalidades distintas de las especificadas ni ser\u00e1 comunicada a terceros sin el consentimiento del interesado, salvo por obligaci\u00f3n legal, de acuerdo con los principios establecidos en el RGPD (Reglamento UE 2016\/679) y la LO 3\/2018 de Protecci\u00f3n de Datos y Garant\u00eda de los Derechos Digitales.<\/p>\n<p>Para garantizar la seguridad de sus datos personales, hemos implementado distintos niveles de protecci\u00f3n y adoptado todas las medidas t\u00e9cnicas y organizativas necesarias para evitar su p\u00e9rdida, uso indebido, alteraci\u00f3n, acceso no autorizado o manipulaci\u00f3n.<\/p>\n<p>A continuaci\u00f3n, se detallan los usos y finalidades espec\u00edficas de los datos personales:<\/p>\n<p><b>Consultas, reservas de cita y solicitudes de informaci\u00f3n de terceros:\u00a0<\/b><\/p>\n<p>Gestionar y responder a las consultas y solicitudes de informaci\u00f3n realizadas a trav\u00e9s de los medios de contacto disponibles en la p\u00e1gina web.<\/p>\n<p><b>Legitimaci\u00f3n. \u00bfCu\u00e1l es la legitimaci\u00f3n para el tratamiento de sus datos?<\/b><br \/>La recogida y el tratamiento de sus datos est\u00e1 legitimado siempre por una o varias bases jur\u00eddicas, las cuales detallamos a continuaci\u00f3n:<\/p>\n<p><b>Consultas, reservas de cita y solicitudes de informaci\u00f3n de terceros:<\/b>\u00a0<\/p>\n<p>Inter\u00e9s leg\u00edtimo por gestionar y responder las consultas y solicitudes planteadas por el interesado por correo electr\u00f3nico. Consentimiento expl\u00edcito por consultas hechas v\u00eda el formulario de contacto<\/p>\n<p><b>Conservaci\u00f3n. \u00bfPor cu\u00e1nto tiempo conservaremos sus datos?<\/b><br \/>Utilizamos sus datos durante el tiempo estrictamente necesario para cumplir las finalidades indicadas anteriormente. A continuaci\u00f3n, se detallan los plazos de conservaci\u00f3n aplicables seg\u00fan el tipo de informaci\u00f3n:<\/p>\t\t\t\t\t\t\t\t<\/div>\n\t\t\t\t<div class=\"elementor-element elementor-element-4fd8251 elementor-widget elementor-widget-html\" data-id=\"4fd8251\" data-element_type=\"widget\" data-widget_type=\"html.default\">\n\t\t\t\t\t<!DOCTYPE html>\r\n<html lang=\"ca\">\r\n<head>\r\n  <meta charset=\"UTF-8\">\r\n  <title>Pol\u00edtica de Privacitat<\/title>\r\n<\/head>\r\n<body>\r\n\r\n  <table border=\"1\" cellpadding=\"5\">\r\n    <thead>\r\n      <tr>\r\n        <th>Documento<\/th>\r\n        <th>Plazo<\/th>\r\n        <th>Ref. Legal<\/th>\r\n      <\/tr>\r\n    <\/thead>\r\n    <tbody>\r\n      <tr>\r\n        <td>Documentaci\u00f3n laboral o relacionada con la seguridad social<\/td>\r\n        <td>4 a\u00f1os<\/td>\r\n        <td>Art\u00edculo 21 del Real Decreto Legislativo 5\/2000, de 4 de agosto, por el que se aprueba el texto refundido de la Ley sobre Infracciones y Sanciones en el Orden Social<\/td>\r\n      <\/tr>\r\n      <tr>\r\n        <td>Documentaci\u00f3n contable y fiscal a efectos mercantiles<\/td>\r\n        <td>6 a\u00f1os<\/td>\r\n        <td>Art. 30 C\u00f3digo de Comercio<\/td>\r\n      <\/tr>\r\n      <tr>\r\n        <td>Documentaci\u00f3n contable y fiscal a efectos fiscales<\/td>\r\n        <td>4 a\u00f1os<\/td>\r\n        <td>Artes. 66-70 Ley General Tributaria<\/td>\r\n      <\/tr>\r\n      <tr>\r\n        <td>Datos para el env\u00edo de informaci\u00f3n sobre servicios<\/td>\r\n        <td>Hasta solicitud de supresi\u00f3n<\/td>\r\n        <td>No aplicable<\/td>\r\n      <\/tr>\r\n        <tr>\r\n        <td>Datos de personas que han contactado<\/td>\r\n        <td>Hasta solicitud de supresi\u00f3n<\/td>\r\n        <td>No aplicable<\/td>\r\n      <\/tr>\r\n    <\/tbody>\r\n  <\/table>\r\n\r\n\r\n\r\n<\/body>\r\n<\/html>\r\n\t\t\t\t<\/div>\n\t\t\t\t<div class=\"elementor-element elementor-element-1954675 elementor-widget elementor-widget-text-editor\" data-id=\"1954675\" data-element_type=\"widget\" data-widget_type=\"text-editor.default\">\n\t\t\t\t\t\t\t\t\t<p>En cualquier caso, sus datos personales ser\u00e1n cancelados o bloqueados una vez transcurrido el plazo de conservaci\u00f3n establecido para cada tipo de dato, de acuerdo con las disposiciones legales aplicables.<\/p>\n<p><b>Procedencia. \u00bfC\u00f3mo hemos obtenido sus datos?<br \/><\/b>Visitar la web de \u201cEspai Rehabilitaci\u00f3 Corporal\u201d no implica que el usuario est\u00e9 obligado a proporcionar informaci\u00f3n sobre s\u00ed mismo, salvo que decida interactuar con los formularios disponibles en la web.<\/p>\n<p>\u201cEspacio Rehabilitaci\u00f3n Corporal\u201d proh\u00edbe expresamente que los menores de dieciocho a\u00f1os faciliten datos personales sin el consentimiento previo de sus padres o tutores.<\/p>\n<p>A continuaci\u00f3n, le indicamos la procedencia de los datos:<br \/>Consultas, reservas de cita y solicitudes de informaci\u00f3n de terceros: Los datos son proporcionados directamente por el propio interesado o su representante legal, a trav\u00e9s de los medios de contacto habilitados en la web.<\/p>\n<p><b>Medidas de seguridad. \u00bfQu\u00e9 hacemos para proteger sus datos?<br \/><\/b>\u201cEspacio Rehabilitaci\u00f3n Corporal\u201d adopta las medidas organizativas y t\u00e9cnicas necesarias para garantizar la seguridad y privacidad de los datos personales, protegi\u00e9ndolos ante alteraciones, p\u00e9rdidas, tratamientos o accesos no autorizados. Estas medidas se aplican teniendo en cuenta el estado de la tecnolog\u00eda, la naturaleza de los datos almacenados y los riesgos a los que est\u00e1n expuestos.<\/p>\n<p>Entre otras, se implementan las siguientes medidas:<br \/>\u00b7 <b>Confidencialidad, integridad, disponibilidad y resiliencia <\/b>permanentes de los sistemas y servicios que gestionan el tratamiento de datos personales.<br \/>\u00b7 <b>Restauraci\u00f3n r\u00e1pida<\/b> de la disponibilidad y acceso a los datos personales en caso de un incidente f\u00edsico o t\u00e9cnico.<br \/>\u00b7 <b>Evaluaci\u00f3n continua<\/b> de la eficacia de las medidas t\u00e9cnicas y organizativas implementadas para garantizar la seguridad del tratamiento mediante pruebas, auditor\u00edas y evaluaciones peri\u00f3dicas.<br \/>\u00b7 <b>Seudonimizaci\u00f3n y cifrado de datos personales,<\/b> especialmente en el caso de datos sensibles, para proteger la privacidad de los usuarios.<br \/>\u00b7 <b>Acceso restringido<\/b> a los datos personales, limitando el acceso a los empleados o colaboradores que necesiten esa informaci\u00f3n para desarrollar sus funciones.<br \/>\u00b7 <b>Plan de respuesta ante incidentes:<\/b> En caso de incidentes de seguridad, se activar\u00e1n los protocolos establecidos para mitigar los riesgos y garantizar la protecci\u00f3n de sus datos personales.<\/p>\n<p><b>Destinatarios. \u00bfA qu\u00e9 destinatarios se comunicar\u00e1n sus datos?<br \/><\/b>Los datos personales ser\u00e1n tratados por \u201cEspacio Rehabilitaci\u00f3n Corporal\u201d y, en su caso, compartidos con proveedores de servicios que nos presten apoyo en la gesti\u00f3n y ejecuci\u00f3n de determinados procesos (encargados del tratamiento), con los que se ha formalizado el contrato necesario conforme al art\u00edculo 28 del RGPD. Estos encargados del tratamiento procesar\u00e1n los datos \u00fanicamente para las finalidades establecidas por \u201cEspai Rehabilitaci\u00f3 Corporal\u201d y bajo nuestras instrucciones, garantizando la seguridad y protecci\u00f3n de los datos personales.<\/p>\n<p><b>Derechos. \u00bfCu\u00e1les son sus derechos cuando nos facilita sus datos?<br \/><\/b>La normativa vigente de protecci\u00f3n de datos le ampara en una serie de derechos en relaci\u00f3n con el uso que damos a sus datos personales. Todos y cada uno de sus derechos son unipersonales e intransferibles, es decir, que \u00fanicamente pueden ser ejercidos por el titular de los datos, previa comprobaci\u00f3n de su identidad.<\/p>\n<p>A continuaci\u00f3n, le indicamos cu\u00e1les son los derechos que le asisten:<br \/>\u00b7 Solicitar el acceso a sus datos personales<br \/>\u00b7 Solicitar la rectificaci\u00f3n de sus datos<br \/>\u00b7 Solicitar la supresi\u00f3n o eliminaci\u00f3n de sus datos (derecho al \u00abolvido\u00bb)<br \/>\u00b7 Limitar u oponerse al uso que damos a sus datos<br \/>\u00b7 Derecho a la portabilidad de sus datos para casos de servicios de telecomunicaciones o internet.<br \/>\u00b7 Derecho a retirar su consentimiento en cualquier momento<br \/>\u00b7 Derecho a presentar una reclamaci\u00f3n en materia de protecci\u00f3n de datos ante la Autoridad de Control: Agencia Espa\u00f1ola de Protecci\u00f3n de Datos<\/p>\n<p>\u00bfC\u00f3mo puede ejercer sus derechos?<br \/>Para el ejercicio de sus derechos de acceso, rectificaci\u00f3n, supresi\u00f3n, limitaci\u00f3n u oposici\u00f3n, portabilidad y retirada de su consentimiento, puede hacerlo de la siguiente manera:<\/p>\n<p>Presencialmente o por correo electr\u00f3nico a:<br \/>ELENA RUBIO CRIVILLERS<br \/>DNI: 77123062Z<br \/>espairehabilitaciocorporal@gmail.com<\/p>\n<p>Adem\u00e1s de los derechos que le asisten, si cree que sus datos no se est\u00e1n recabando o tratando de acuerdo con la normativa vigente de Protecci\u00f3n de Datos, podr\u00e1 realizar una reclamaci\u00f3n ante la Autoridad de Control, cuyos datos de contacto indicamos a continuaci\u00f3n:<\/p>\n<p>Agencia Espa\u00f1ola de Protecci\u00f3n de Datos<br \/>C\/ Jorge Juan, 6. 28001, Madrid.<br \/>Email: info@agpd.es<br \/>Tel\u00e9fono: 912663517<br \/>Web: https:\/\/www.agpd.es<\/p>\n<p><b>Consentimiento y aceptaci\u00f3n<\/b><\/p>\n<p>En cualquier caso, sus datos personales ser\u00e1n cancelados o bloqueados una vez transcurrido el plazo de conservaci\u00f3n establecido para cada tipo de dato, de acuerdo con las disposiciones legales aplicables.<\/p>\t\t\t\t\t\t\t\t<\/div>\n\t\t\t\t\t<\/div>\n\t\t\t\t<\/div>\n\t\t\t\t<\/div>","protected":false},"excerpt":{"rendered":"<p>Pol\u00edtica de Privacitat Informaci\u00f3 b\u00e0sica sobre Protecci\u00f3 de Dades Responsable ELENA RUBIO CRIVILLERSDNI: 77123062ZC\/ de la Florida, num. 27, 08120, La LlagostaTelf: 666590521espairehabilitaciocorporal@gmail.com Finalitat Consultes, reserves de cita i sol\u00b7licituds d\u2019informaci\u00f3 de tercers: Gestionar i respondre les consultes i sol\u00b7licituds d&#8217;informaci\u00f3 realitzades a trav\u00e9s dels mitjans de contacte disponibles a la p\u00e0gina web. Legitimaci\u00f3 Consultes, [&hellip;]<\/p>","protected":false},"author":2,"featured_media":0,"parent":0,"menu_order":0,"comment_status":"closed","ping_status":"closed","template":"","meta":{"footnotes":""},"class_list":["post-69","page","type-page","status-publish","hentry"],"yoast_head":"<!-- This site is optimized with the Yoast SEO plugin v26.4 - https:\/\/yoast.com\/wordpress\/plugins\/seo\/ -->\n<title>Pol\u00edtica de Privacitat - Espai Rehabilitacio Corporal<\/title>\n<meta name=\"robots\" content=\"index, follow, max-snippet:-1, max-image-preview:large, max-video-preview:-1\" \/>\n<link rel=\"canonical\" href=\"https:\/\/espairehabilitaciocorporal.com\/es\/politica-de-privacitat\/\" \/>\n<meta property=\"og:locale\" content=\"es_ES\" \/>\n<meta property=\"og:type\" content=\"article\" \/>\n<meta property=\"og:title\" content=\"Pol\u00edtica de Privacitat - Espai Rehabilitacio Corporal\" \/>\n<meta property=\"og:description\" content=\"Pol\u00edtica de Privacitat Informaci\u00f3 b\u00e0sica sobre Protecci\u00f3 de Dades Responsable ELENA RUBIO CRIVILLERSDNI: 77123062ZC\/ de la Florida, num. 27, 08120, La LlagostaTelf: 666590521espairehabilitaciocorporal@gmail.com Finalitat Consultes, reserves de cita i sol\u00b7licituds d\u2019informaci\u00f3 de tercers: Gestionar i respondre les consultes i sol\u00b7licituds d&#8217;informaci\u00f3 realitzades a trav\u00e9s dels mitjans de contacte disponibles a la p\u00e0gina web. Legitimaci\u00f3 Consultes, [&hellip;]\" \/>\n<meta property=\"og:url\" content=\"https:\/\/espairehabilitaciocorporal.com\/es\/politica-de-privacitat\/\" \/>\n<meta property=\"og:site_name\" content=\"Espai Rehabilitacio Corporal\" \/>\n<meta property=\"article:modified_time\" content=\"2025-05-23T16:14:14+00:00\" \/>\n<meta name=\"twitter:card\" content=\"summary_large_image\" \/>\n<meta name=\"twitter:label1\" content=\"Tiempo de lectura\" \/>\n\t<meta name=\"twitter:data1\" content=\"9 minutos\" \/>\n<script type=\"application\/ld+json\" class=\"yoast-schema-graph\">{\"@context\":\"https:\/\/schema.org\",\"@graph\":[{\"@type\":\"WebPage\",\"@id\":\"https:\/\/espairehabilitaciocorporal.com\/politica-de-privacitat\/\",\"url\":\"https:\/\/espairehabilitaciocorporal.com\/politica-de-privacitat\/\",\"name\":\"Pol\u00edtica de Privacitat - Espai Rehabilitacio Corporal\",\"isPartOf\":{\"@id\":\"https:\/\/espairehabilitaciocorporal.com\/#website\"},\"datePublished\":\"2025-03-10T00:52:17+00:00\",\"dateModified\":\"2025-05-23T16:14:14+00:00\",\"breadcrumb\":{\"@id\":\"https:\/\/espairehabilitaciocorporal.com\/politica-de-privacitat\/#breadcrumb\"},\"inLanguage\":\"es\",\"potentialAction\":[{\"@type\":\"ReadAction\",\"target\":[\"https:\/\/espairehabilitaciocorporal.com\/politica-de-privacitat\/\"]}]},{\"@type\":\"BreadcrumbList\",\"@id\":\"https:\/\/espairehabilitaciocorporal.com\/politica-de-privacitat\/#breadcrumb\",\"itemListElement\":[{\"@type\":\"ListItem\",\"position\":1,\"name\":\"Portada\",\"item\":\"https:\/\/espairehabilitaciocorporal.com\/\"},{\"@type\":\"ListItem\",\"position\":2,\"name\":\"Pol\u00edtica de Privacitat\"}]},{\"@type\":\"WebSite\",\"@id\":\"https:\/\/espairehabilitaciocorporal.com\/#website\",\"url\":\"https:\/\/espairehabilitaciocorporal.com\/\",\"name\":\"Espai Rehabilitacio Corporal\",\"description\":\"Fisioter\u00e0pia i acupuntura especialitzada a La Llagosta\",\"potentialAction\":[{\"@type\":\"SearchAction\",\"target\":{\"@type\":\"EntryPoint\",\"urlTemplate\":\"https:\/\/espairehabilitaciocorporal.com\/?s={search_term_string}\"},\"query-input\":{\"@type\":\"PropertyValueSpecification\",\"valueRequired\":true,\"valueName\":\"search_term_string\"}}],\"inLanguage\":\"es\"}]}<\/script>\n<!-- \/ Yoast SEO plugin. -->","yoast_head_json":{"title":"Pol\u00edtica de Privacitat - Espai Rehabilitacio Corporal","robots":{"index":"index","follow":"follow","max-snippet":"max-snippet:-1","max-image-preview":"max-image-preview:large","max-video-preview":"max-video-preview:-1"},"canonical":"https:\/\/espairehabilitaciocorporal.com\/es\/politica-de-privacitat\/","og_locale":"es_ES","og_type":"article","og_title":"Pol\u00edtica de Privacitat - Espai Rehabilitacio Corporal","og_description":"Pol\u00edtica de Privacitat Informaci\u00f3 b\u00e0sica sobre Protecci\u00f3 de Dades Responsable ELENA RUBIO CRIVILLERSDNI: 77123062ZC\/ de la Florida, num. 27, 08120, La LlagostaTelf: 666590521espairehabilitaciocorporal@gmail.com Finalitat Consultes, reserves de cita i sol\u00b7licituds d\u2019informaci\u00f3 de tercers: Gestionar i respondre les consultes i sol\u00b7licituds d&#8217;informaci\u00f3 realitzades a trav\u00e9s dels mitjans de contacte disponibles a la p\u00e0gina web. Legitimaci\u00f3 Consultes, [&hellip;]","og_url":"https:\/\/espairehabilitaciocorporal.com\/es\/politica-de-privacitat\/","og_site_name":"Espai Rehabilitacio Corporal","article_modified_time":"2025-05-23T16:14:14+00:00","twitter_card":"summary_large_image","twitter_misc":{"Tiempo de lectura":"9 minutos"},"schema":{"@context":"https:\/\/schema.org","@graph":[{"@type":"WebPage","@id":"https:\/\/espairehabilitaciocorporal.com\/politica-de-privacitat\/","url":"https:\/\/espairehabilitaciocorporal.com\/politica-de-privacitat\/","name":"Pol\u00edtica de Privacitat - Espai Rehabilitacio Corporal","isPartOf":{"@id":"https:\/\/espairehabilitaciocorporal.com\/#website"},"datePublished":"2025-03-10T00:52:17+00:00","dateModified":"2025-05-23T16:14:14+00:00","breadcrumb":{"@id":"https:\/\/espairehabilitaciocorporal.com\/politica-de-privacitat\/#breadcrumb"},"inLanguage":"es","potentialAction":[{"@type":"ReadAction","target":["https:\/\/espairehabilitaciocorporal.com\/politica-de-privacitat\/"]}]},{"@type":"BreadcrumbList","@id":"https:\/\/espairehabilitaciocorporal.com\/politica-de-privacitat\/#breadcrumb","itemListElement":[{"@type":"ListItem","position":1,"name":"Portada","item":"https:\/\/espairehabilitaciocorporal.com\/"},{"@type":"ListItem","position":2,"name":"Pol\u00edtica de Privacitat"}]},{"@type":"WebSite","@id":"https:\/\/espairehabilitaciocorporal.com\/#website","url":"https:\/\/espairehabilitaciocorporal.com\/","name":"Espai Rehabilitacio Corporal","description":"Fisioter\u00e0pia i acupuntura especialitzada a La Llagosta","potentialAction":[{"@type":"SearchAction","target":{"@type":"EntryPoint","urlTemplate":"https:\/\/espairehabilitaciocorporal.com\/?s={search_term_string}"},"query-input":{"@type":"PropertyValueSpecification","valueRequired":true,"valueName":"search_term_string"}}],"inLanguage":"es"}]}},"_links":{"self":[{"href":"https:\/\/espairehabilitaciocorporal.com\/es\/wp-json\/wp\/v2\/pages\/69","targetHints":{"allow":["GET"]}}],"collection":[{"href":"https:\/\/espairehabilitaciocorporal.com\/es\/wp-json\/wp\/v2\/pages"}],"about":[{"href":"https:\/\/espairehabilitaciocorporal.com\/es\/wp-json\/wp\/v2\/types\/page"}],"author":[{"embeddable":true,"href":"https:\/\/espairehabilitaciocorporal.com\/es\/wp-json\/wp\/v2\/users\/2"}],"replies":[{"embeddable":true,"href":"https:\/\/espairehabilitaciocorporal.com\/es\/wp-json\/wp\/v2\/comments?post=69"}],"version-history":[{"count":24,"href":"https:\/\/espairehabilitaciocorporal.com\/es\/wp-json\/wp\/v2\/pages\/69\/revisions"}],"predecessor-version":[{"id":2312,"href":"https:\/\/espairehabilitaciocorporal.com\/es\/wp-json\/wp\/v2\/pages\/69\/revisions\/2312"}],"wp:attachment":[{"href":"https:\/\/espairehabilitaciocorporal.com\/es\/wp-json\/wp\/v2\/media?parent=69"}],"curies":[{"name":"wp","href":"https:\/\/api.w.org\/{rel}","templated":true}]}}