{"id":71,"date":"2025-03-10T00:53:40","date_gmt":"2025-03-10T00:53:40","guid":{"rendered":"https:\/\/espairehabilitaciocorporal.com\/?page_id=71"},"modified":"2025-06-03T12:17:49","modified_gmt":"2025-06-03T10:17:49","slug":"politica-de-cookies","status":"publish","type":"page","link":"https:\/\/espairehabilitaciocorporal.com\/es\/politica-de-cookies\/","title":{"rendered":"Pol\u00edtica de Cookies"},"content":{"rendered":"<div data-elementor-type=\"wp-page\" data-elementor-id=\"71\" class=\"elementor elementor-71\" data-elementor-post-type=\"page\">\n\t\t\t\t<div class=\"elementor-element elementor-element-2c3894ad e-flex e-con-boxed e-con e-parent\" data-id=\"2c3894ad\" data-element_type=\"container\">\n\t\t\t\t\t<div class=\"e-con-inner\">\n\t\t\t\t<div class=\"elementor-element elementor-element-fc2f183 elementor-widget elementor-widget-heading\" data-id=\"fc2f183\" data-element_type=\"widget\" data-widget_type=\"heading.default\">\n\t\t\t\t\t<h2 class=\"elementor-heading-title elementor-size-default\">Pol\u00edtica de Cookies<\/h2>\t\t\t\t<\/div>\n\t\t\t\t<div class=\"elementor-element elementor-element-a33c78c elementor-widget elementor-widget-html\" data-id=\"a33c78c\" data-element_type=\"widget\" data-widget_type=\"html.default\">\n\t\t\t\t\t<!DOCTYPE html>\r\n<html lang=\"ca\">\r\n<head>\r\n  <meta charset=\"UTF-8\">\r\n  \r\n<\/head>\r\n<body>\r\n\r\n  <p>Las cookies son peque\u00f1os archivos que se instalan en el ordenador del usuario y que permiten al responsable de un servicio mejorar la forma de interactuar entre los visitantes y el sitio web. En algunos casos, la instalaci\u00f3n de estas cookies requiere el consentimiento del usuario.<\/p>\r\n\r\n  <h2>Existen diferentes clases de cookies, afectadas y no afectadas por la Ley:<\/h2>\r\n\r\n  <h3>Cookies no afectadas:<\/h3>\r\n  <ul>\r\n    <li><strong>T\u00e9cnicas:<\/strong> Son necesarias para la navegaci\u00f3n. Sin ellas la p\u00e1gina no funcionar\u00eda adecuadamente.<\/li>\r\n    <li><strong>De personalizaci\u00f3n o configuraci\u00f3n:<\/strong> Permiten que la p\u00e1gina reconozca el idioma del usuario, el tama\u00f1o de letras, etc.<\/li>\r\n    <li><strong>De seguridad:<\/strong> Impiden o dificultan ataques contra el sitio web o los usuarios.<\/li>\r\n  <\/ul>\r\n\r\n  <h3>Cookies afectadas:<\/h3>\r\n  <ul>\r\n    <li><strong>Anal\u00edticas:<\/strong> permiten medir la actividad de los usuarios y elaborar estad\u00edsticas de navegaci\u00f3n.<\/li>\r\n    <li><strong>Publicitarias:<\/strong> Gestionan la frecuencia y el contenido de los anuncios.<\/li>\r\n    <li><strong>De seguimiento:<\/strong> Almacenan informaci\u00f3n sobre los usuarios para mostrar publicidad personalizada.<\/li>\r\n  <\/ul>\r\n\r\n  <p>\u201cEspacio Rehabilitaci\u00f3n Corporal\u201d informa que el sitio web utiliza las siguientes cookies en el dominio <strong>espairehabilitaciocorporal.com<\/strong>:<\/p>\r\n\r\n  <h3>Cookies t\u00e9cnicas necesarias<\/h3>\r\n  <p>Las cookies t\u00e9cnicas necesarias ayudan a que un sitio web sea utilizable habilitando funciones b\u00e1sicas como la navegaci\u00f3n por p\u00e1ginas y el acceso a \u00e1reas seguras del sitio web. El sitio web no puede funcionar correctamente sin estas cookies.<\/p>\r\n\r\n  <table border=\"1\" cellpadding=\"5\">\r\n    <thead>\r\n      <tr>\r\n        <th>Dominio<\/th>\r\n        <th>Titularidad<\/th>\r\n        <th>Nombre<\/th>\r\n        <th>Funci\u00f3n<\/th>\r\n        <th>Duraci\u00f3n<\/th>\r\n      <\/tr>\r\n    <\/thead>\r\n    <tbody>\r\n      <tr>\r\n        <td>espairehabilitaciocorporal.com<\/td>\r\n        <td>Espacio Rehabilitaci\u00f3n Corporal<\/td>\r\n        <td>wpEmojiSettingsSupports<\/td>\r\n        <td>WordPress establece esta cookie cuando un usuario interact\u00faa con emoticones. Determina si el navegador puede mostrar emoticonos correctamente.<\/td>\r\n        <td>Sesi\u00f3n<\/td>\r\n      <\/tr>\r\n      <tr>\r\n        <td>google.com<\/td>\r\n        <td>Espacio Rehabilitaci\u00f3n Corporal<\/td>\r\n        <td>_GRECAPTCHA<\/td>\r\n        <td>Google reCAPTCHA establece esta cookie para proporcionar su an\u00e1lisis de riesgo.<\/td>\r\n        <td>6 meses<\/td>\r\n      <\/tr>\r\n      <tr>\r\n        <td>google.com<\/td>\r\n        <td>Espacio Rehabilitaci\u00f3n Corporal<\/td>\r\n        <td>rc::a<\/td>\r\n        <td>Esta cookie es establecida por el servicio reCAPTCHA de Google para identificar bots y proteger el sitio web contra ataques de spam maliciosos.<\/td>\r\n        <td>Sesi\u00f3n<\/td>\r\n      <\/tr>\r\n      <tr>\r\n        <td>google.com<\/td>\r\n        <td>Espacio Rehabilitaci\u00f3n Corporal<\/td>\r\n        <td>rc::c<\/td>\r\n        <td>Esta cookie es establecida por el servicio reCAPTCHA de Google para identificar bots y proteger el sitio web contra ataques de spam maliciosos.<\/td>\r\n<td>Sesi\u00f3n<\/td>\r\n      <\/tr>\r\n    <\/tbody>\r\n  <\/table>\r\n\r\n\r\n<\/body>\r\n<\/html>\r\n\t\t\t\t<\/div>\n\t\t\t\t\t<\/div>\n\t\t\t\t<\/div>\n\t\t<div class=\"elementor-element elementor-element-d31ca41 e-flex e-con-boxed e-con e-parent\" data-id=\"d31ca41\" data-element_type=\"container\">\n\t\t\t\t\t<div class=\"e-con-inner\">\n\t\t\t\t<div class=\"elementor-element elementor-element-d0c3603 elementor-widget elementor-widget-text-editor\" data-id=\"d0c3603\" data-element_type=\"widget\" data-widget_type=\"text-editor.default\">\n\t\t\t\t\t\t\t\t\t<p>Para m\u00e1s informaci\u00f3n de c\u00f3mo gestionar las cookies consulte los siguientes enlaces:<br \/>Chrome desde aqu\u00ed: http:\/\/support.google.com\/chrome\/bin\/answer.py?hl=es&amp;answer=95647<br \/>Firefox desde aqu\u00ed: http:\/\/support.mozilla.org\/es\/kb\/habilitar-y-deshabilitar-cookies-que-los-sitios-we<br \/>Explorer desde aqu\u00ed: https:\/\/support.microsoft.com\/es-help\/17442\/windows-internet-explorer-delete-manage-cookies<br \/>Safari desde aqu\u00ed: http:\/\/support.apple.com\/kb\/ph5042<br \/>Opera desde aqu\u00ed: http:\/\/help.opera.com\/Windows\/11.50\/es-ES\/cookies.html<\/p>\t\t\t\t\t\t\t\t<\/div>\n\t\t\t\t<div class=\"elementor-element elementor-element-8cbbfed elementor-widget elementor-widget-heading\" data-id=\"8cbbfed\" data-element_type=\"widget\" data-widget_type=\"heading.default\">\n\t\t\t\t\t<h3 class=\"elementor-heading-title elementor-size-default\">SERVICIOS DE TERCEROS<span style=\"color: var( --e-global-color-secondary );font-family: var( --e-global-typography-5d167aa-font-family ), Sans-serif;font-size: var( --e-global-typography-5d167aa-font-size );font-style: var( --e-global-typography-b2ce6af-font-style );font-weight: var( --e-global-typography-5d167aa-font-weight );letter-spacing: var( --e-global-typography-5d167aa-letter-spacing );text-align: var(--text-align);text-transform: var( --e-global-typography-b2ce6af-text-transform )\"><\/span><\/h3>\t\t\t\t<\/div>\n\t\t\t\t<div class=\"elementor-element elementor-element-1d3631d elementor-widget elementor-widget-text-editor\" data-id=\"1d3631d\" data-element_type=\"widget\" data-widget_type=\"text-editor.default\">\n\t\t\t\t\t\t\t\t\t<p>Adicionalmente, \u201cEspacio Rehabilitaci\u00f3n Corporal\u201d tiene presencia en portales para los que, si lo desea<br \/>conocer las condiciones de privacidad y uso de cookies, ser\u00e1 necesario consultar las pol\u00edticas<br \/>proporcionadas por los mismos:<br \/>Facebook: https:\/\/www.facebook.com\/policies\/cookies\/<br \/>Twitter: https:\/\/twitter.com\/privacy<br \/>Youtube: https:\/\/policies.google.com\/technologies\/cookies?hl=es<br \/>Linkedin: http:\/\/www.linkedin.com\/legal\/privacy-policy<br \/>Google: https:\/\/policies.google.com\/technologies\/cookies?hl=es<br \/>Instagram: https:\/\/help.instagram.com\/<\/p>\t\t\t\t\t\t\t\t<\/div>\n\t\t\t\t\t<\/div>\n\t\t\t\t<\/div>\n\t\t\t\t<\/div>","protected":false},"excerpt":{"rendered":"<p>Les cookies s\u00f3n petits fitxers que s&#8217;instal\u00b7len a l&#8217;ordinador de l&#8217;usuari i que permeten al responsable d&#8217;un servei millorar la manera d&#8217;interactuar entre els visitants i el lloc web. En alguns casos, la instal\u00b7laci\u00f3 d&#8217;aquestes cookies requereix el consentiment de l&#8217;usuari. Hi ha diferents classes de cookies, afectades i no afectades per la Llei: Cookies [&hellip;]<\/p>","protected":false},"author":2,"featured_media":0,"parent":0,"menu_order":0,"comment_status":"closed","ping_status":"closed","template":"","meta":{"footnotes":""},"class_list":["post-71","page","type-page","status-publish","hentry"],"yoast_head":"<!-- This site is optimized with the Yoast SEO plugin v26.4 - https:\/\/yoast.com\/wordpress\/plugins\/seo\/ -->\n<title>Pol\u00edtica de Cookies - Espai Rehabilitacio Corporal<\/title>\n<meta name=\"robots\" content=\"index, follow, max-snippet:-1, max-image-preview:large, max-video-preview:-1\" \/>\n<link rel=\"canonical\" href=\"https:\/\/espairehabilitaciocorporal.com\/es\/politica-de-cookies\/\" \/>\n<meta property=\"og:locale\" content=\"es_ES\" \/>\n<meta property=\"og:type\" content=\"article\" \/>\n<meta property=\"og:title\" content=\"Pol\u00edtica de Cookies - Espai Rehabilitacio Corporal\" \/>\n<meta property=\"og:description\" content=\"Les cookies s\u00f3n petits fitxers que s&#8217;instal\u00b7len a l&#8217;ordinador de l&#8217;usuari i que permeten al responsable d&#8217;un servei millorar la manera d&#8217;interactuar entre els visitants i el lloc web. En alguns casos, la instal\u00b7laci\u00f3 d&#8217;aquestes cookies requereix el consentiment de l&#8217;usuari. Hi ha diferents classes de cookies, afectades i no afectades per la Llei: Cookies [&hellip;]\" \/>\n<meta property=\"og:url\" content=\"https:\/\/espairehabilitaciocorporal.com\/es\/politica-de-cookies\/\" \/>\n<meta property=\"og:site_name\" content=\"Espai Rehabilitacio Corporal\" \/>\n<meta property=\"article:modified_time\" content=\"2025-06-03T10:17:49+00:00\" \/>\n<meta name=\"twitter:card\" content=\"summary_large_image\" \/>\n<meta name=\"twitter:label1\" content=\"Tiempo de lectura\" \/>\n\t<meta name=\"twitter:data1\" content=\"2 minutos\" \/>\n<script type=\"application\/ld+json\" class=\"yoast-schema-graph\">{\"@context\":\"https:\/\/schema.org\",\"@graph\":[{\"@type\":\"WebPage\",\"@id\":\"https:\/\/espairehabilitaciocorporal.com\/politica-de-cookies\/\",\"url\":\"https:\/\/espairehabilitaciocorporal.com\/politica-de-cookies\/\",\"name\":\"Pol\u00edtica de Cookies - Espai Rehabilitacio Corporal\",\"isPartOf\":{\"@id\":\"https:\/\/espairehabilitaciocorporal.com\/#website\"},\"datePublished\":\"2025-03-10T00:53:40+00:00\",\"dateModified\":\"2025-06-03T10:17:49+00:00\",\"breadcrumb\":{\"@id\":\"https:\/\/espairehabilitaciocorporal.com\/politica-de-cookies\/#breadcrumb\"},\"inLanguage\":\"es\",\"potentialAction\":[{\"@type\":\"ReadAction\",\"target\":[\"https:\/\/espairehabilitaciocorporal.com\/politica-de-cookies\/\"]}]},{\"@type\":\"BreadcrumbList\",\"@id\":\"https:\/\/espairehabilitaciocorporal.com\/politica-de-cookies\/#breadcrumb\",\"itemListElement\":[{\"@type\":\"ListItem\",\"position\":1,\"name\":\"Portada\",\"item\":\"https:\/\/espairehabilitaciocorporal.com\/\"},{\"@type\":\"ListItem\",\"position\":2,\"name\":\"Pol\u00edtica de Cookies\"}]},{\"@type\":\"WebSite\",\"@id\":\"https:\/\/espairehabilitaciocorporal.com\/#website\",\"url\":\"https:\/\/espairehabilitaciocorporal.com\/\",\"name\":\"Espai Rehabilitacio Corporal\",\"description\":\"Fisioter\u00e0pia i acupuntura especialitzada a La Llagosta\",\"potentialAction\":[{\"@type\":\"SearchAction\",\"target\":{\"@type\":\"EntryPoint\",\"urlTemplate\":\"https:\/\/espairehabilitaciocorporal.com\/?s={search_term_string}\"},\"query-input\":{\"@type\":\"PropertyValueSpecification\",\"valueRequired\":true,\"valueName\":\"search_term_string\"}}],\"inLanguage\":\"es\"}]}<\/script>\n<!-- \/ Yoast SEO plugin. -->","yoast_head_json":{"title":"Pol\u00edtica de Cookies - Espai Rehabilitacio Corporal","robots":{"index":"index","follow":"follow","max-snippet":"max-snippet:-1","max-image-preview":"max-image-preview:large","max-video-preview":"max-video-preview:-1"},"canonical":"https:\/\/espairehabilitaciocorporal.com\/es\/politica-de-cookies\/","og_locale":"es_ES","og_type":"article","og_title":"Pol\u00edtica de Cookies - Espai Rehabilitacio Corporal","og_description":"Les cookies s\u00f3n petits fitxers que s&#8217;instal\u00b7len a l&#8217;ordinador de l&#8217;usuari i que permeten al responsable d&#8217;un servei millorar la manera d&#8217;interactuar entre els visitants i el lloc web. En alguns casos, la instal\u00b7laci\u00f3 d&#8217;aquestes cookies requereix el consentiment de l&#8217;usuari. Hi ha diferents classes de cookies, afectades i no afectades per la Llei: Cookies [&hellip;]","og_url":"https:\/\/espairehabilitaciocorporal.com\/es\/politica-de-cookies\/","og_site_name":"Espai Rehabilitacio Corporal","article_modified_time":"2025-06-03T10:17:49+00:00","twitter_card":"summary_large_image","twitter_misc":{"Tiempo de lectura":"2 minutos"},"schema":{"@context":"https:\/\/schema.org","@graph":[{"@type":"WebPage","@id":"https:\/\/espairehabilitaciocorporal.com\/politica-de-cookies\/","url":"https:\/\/espairehabilitaciocorporal.com\/politica-de-cookies\/","name":"Pol\u00edtica de Cookies - Espai Rehabilitacio Corporal","isPartOf":{"@id":"https:\/\/espairehabilitaciocorporal.com\/#website"},"datePublished":"2025-03-10T00:53:40+00:00","dateModified":"2025-06-03T10:17:49+00:00","breadcrumb":{"@id":"https:\/\/espairehabilitaciocorporal.com\/politica-de-cookies\/#breadcrumb"},"inLanguage":"es","potentialAction":[{"@type":"ReadAction","target":["https:\/\/espairehabilitaciocorporal.com\/politica-de-cookies\/"]}]},{"@type":"BreadcrumbList","@id":"https:\/\/espairehabilitaciocorporal.com\/politica-de-cookies\/#breadcrumb","itemListElement":[{"@type":"ListItem","position":1,"name":"Portada","item":"https:\/\/espairehabilitaciocorporal.com\/"},{"@type":"ListItem","position":2,"name":"Pol\u00edtica de Cookies"}]},{"@type":"WebSite","@id":"https:\/\/espairehabilitaciocorporal.com\/#website","url":"https:\/\/espairehabilitaciocorporal.com\/","name":"Espai Rehabilitacio Corporal","description":"Fisioter\u00e0pia i acupuntura especialitzada a La Llagosta","potentialAction":[{"@type":"SearchAction","target":{"@type":"EntryPoint","urlTemplate":"https:\/\/espairehabilitaciocorporal.com\/?s={search_term_string}"},"query-input":{"@type":"PropertyValueSpecification","valueRequired":true,"valueName":"search_term_string"}}],"inLanguage":"es"}]}},"_links":{"self":[{"href":"https:\/\/espairehabilitaciocorporal.com\/es\/wp-json\/wp\/v2\/pages\/71","targetHints":{"allow":["GET"]}}],"collection":[{"href":"https:\/\/espairehabilitaciocorporal.com\/es\/wp-json\/wp\/v2\/pages"}],"about":[{"href":"https:\/\/espairehabilitaciocorporal.com\/es\/wp-json\/wp\/v2\/types\/page"}],"author":[{"embeddable":true,"href":"https:\/\/espairehabilitaciocorporal.com\/es\/wp-json\/wp\/v2\/users\/2"}],"replies":[{"embeddable":true,"href":"https:\/\/espairehabilitaciocorporal.com\/es\/wp-json\/wp\/v2\/comments?post=71"}],"version-history":[{"count":21,"href":"https:\/\/espairehabilitaciocorporal.com\/es\/wp-json\/wp\/v2\/pages\/71\/revisions"}],"predecessor-version":[{"id":2323,"href":"https:\/\/espairehabilitaciocorporal.com\/es\/wp-json\/wp\/v2\/pages\/71\/revisions\/2323"}],"wp:attachment":[{"href":"https:\/\/espairehabilitaciocorporal.com\/es\/wp-json\/wp\/v2\/media?parent=71"}],"curies":[{"name":"wp","href":"https:\/\/api.w.org\/{rel}","templated":true}]}}